{"id":130,"date":"2020-05-05T18:12:52","date_gmt":"2020-05-05T16:12:52","guid":{"rendered":"https:\/\/terapienadotek.cz\/?page_id=130"},"modified":"2020-05-06T10:06:15","modified_gmt":"2020-05-06T08:06:15","slug":"reflexni-masaz-chodidel-a-uvolneni-krcni-patere","status":"publish","type":"page","link":"https:\/\/terapienadotek.cz\/?page_id=130","title":{"rendered":"Reflexn\u00ed mas\u00e1\u017e chodidel a uvoln\u011bn\u00ed kr\u010dn\u00ed p\u00e1te\u0159e"},"content":{"rendered":"\n<p>Mas\u00e1\u017e za\u010d\u00edn\u00e1 nep\u0159\u00edm\u00fdm uvoln\u011bn\u00edm kr\u010dn\u00ed p\u00e1te\u0159e prost\u0159ednictv\u00edm mas\u00e1\u017ee palc\u016f u nohou. D\u00e1le pokra\u010duje jemnou a \u0161etrnou stimulac\u00ed v\u0161ech reflexn\u00edch plo\u0161ek na obou chodidlech. V&nbsp;p\u0159\u00edpadn\u011b pot\u0159eby se zam\u011b\u0159\u00ed na jednotliv\u00e9 konkr\u00e9tn\u00ed plo\u0161ky, kter\u00e9 budou vykazovat zv\u00fd\u0161enou citlivost, eventu\u00e1ln\u011b na reflexn\u00ed body org\u00e1n\u016f a \u010d\u00e1st\u00ed t\u011bla, je\u017e v\u00e1s aktu\u00e1ln\u011b tr\u00e1p\u00ed.&nbsp;<\/p>\n\n\n\n<p>Mas\u00e1\u017e pokra\u010duje p\u0159\u00edm\u00fdm uvoln\u011bn\u00edm kr\u010dn\u00ed p\u00e1te\u0159e na l\u016f\u017eku v le\u017ee \u010di vsed\u011b, co\u017e p\u0159in\u00e1\u0161\u00ed okam\u017eitou \u00falevu od n\u011bkter\u00fdch bolest\u00ed a zejm\u00e9na pak velk\u00fd p\u0159\u00edliv nov\u00e9 energie. Tato odblokace p\u00e1te\u0159e veden\u00e1 p\u0159esn\u011b dan\u00fdm postupem je \u0161etrn\u00e1 metoda, kter\u00e1 m\u016f\u017ee v\u00fdrazn\u011b pozitivn\u011b ovlivnit v\u0161echny syst\u00e9my v t\u011ble, jeliko\u017e znovu navrac\u00ed voln\u00e9 proud\u011bn\u00ed energie.<\/p>\n","protected":false},"excerpt":{"rendered":"<p>Mas\u00e1\u017e za\u010d\u00edn\u00e1 nep\u0159\u00edm\u00fdm uvoln\u011bn\u00edm kr\u010dn\u00ed p\u00e1te\u0159e prost\u0159ednictv\u00edm mas\u00e1\u017ee palc\u016f u nohou. D\u00e1le pokra\u010duje jemnou a \u0161etrnou stimulac\u00ed v\u0161ech reflexn\u00edch plo\u0161ek na obou chodidlech. V&nbsp;p\u0159\u00edpadn\u011b pot\u0159eby se zam\u011b\u0159\u00ed na jednotliv\u00e9 konkr\u00e9tn\u00ed plo\u0161ky, kter\u00e9 budou vykazovat zv\u00fd\u0161enou citlivost, eventu\u00e1ln\u011b na reflexn\u00ed body org\u00e1n\u016f a \u010d\u00e1st\u00ed t\u011bla, je\u017e v\u00e1s aktu\u00e1ln\u011b tr\u00e1p\u00ed.&nbsp; Mas\u00e1\u017e pokra\u010duje p\u0159\u00edm\u00fdm uvoln\u011bn\u00edm kr\u010dn\u00ed p\u00e1te\u0159e na &hellip; <\/p>\n<p class=\"link-more\"><a href=\"https:\/\/terapienadotek.cz\/?page_id=130\" class=\"more-link\">Pokra\u010dovat ve \u010dten\u00ed<span class=\"screen-reader-text\"> &#8222;Reflexn\u00ed mas\u00e1\u017e chodidel a uvoln\u011bn\u00ed kr\u010dn\u00ed p\u00e1te\u0159e&#8220;<\/span><\/a><\/p>\n","protected":false},"author":1,"featured_media":177,"parent":64,"menu_order":0,"comment_status":"closed","ping_status":"closed","template":"","meta":{"footnotes":""},"class_list":["post-130","page","type-page","status-publish","has-post-thumbnail","hentry"],"_links":{"self":[{"href":"https:\/\/terapienadotek.cz\/index.php?rest_route=\/wp\/v2\/pages\/130","targetHints":{"allow":["GET"]}}],"collection":[{"href":"https:\/\/terapienadotek.cz\/index.php?rest_route=\/wp\/v2\/pages"}],"about":[{"href":"https:\/\/terapienadotek.cz\/index.php?rest_route=\/wp\/v2\/types\/page"}],"author":[{"embeddable":true,"href":"https:\/\/terapienadotek.cz\/index.php?rest_route=\/wp\/v2\/users\/1"}],"replies":[{"embeddable":true,"href":"https:\/\/terapienadotek.cz\/index.php?rest_route=%2Fwp%2Fv2%2Fcomments&post=130"}],"version-history":[{"count":2,"href":"https:\/\/terapienadotek.cz\/index.php?rest_route=\/wp\/v2\/pages\/130\/revisions"}],"predecessor-version":[{"id":178,"href":"https:\/\/terapienadotek.cz\/index.php?rest_route=\/wp\/v2\/pages\/130\/revisions\/178"}],"up":[{"embeddable":true,"href":"https:\/\/terapienadotek.cz\/index.php?rest_route=\/wp\/v2\/pages\/64"}],"wp:featuredmedia":[{"embeddable":true,"href":"https:\/\/terapienadotek.cz\/index.php?rest_route=\/wp\/v2\/media\/177"}],"wp:attachment":[{"href":"https:\/\/terapienadotek.cz\/index.php?rest_route=%2Fwp%2Fv2%2Fmedia&parent=130"}],"curies":[{"name":"wp","href":"https:\/\/api.w.org\/{rel}","templated":true}]}}