{"id":179,"date":"2020-05-06T10:11:20","date_gmt":"2020-05-06T08:11:20","guid":{"rendered":"https:\/\/terapienadotek.cz\/?page_id=179"},"modified":"2026-03-07T18:36:55","modified_gmt":"2026-03-07T17:36:55","slug":"kontakt","status":"publish","type":"page","link":"https:\/\/terapienadotek.cz\/?page_id=179","title":{"rendered":"Kontakt:"},"content":{"rendered":"\n<p><br>Pro objedn\u00e1vky pros\u00edm napi\u0161te zpr\u00e1vu na WhatsApp, sms, p\u0159\u00edpadn\u011b e-mail. B\u011bhem dne se \u010dasto nemohu v\u011bnovat telefon\u00e1t\u016fm, d\u011bkuji za pochopen\u00ed.<\/p>\n\n\n\n<p><strong>Terapeutick\u00e9 studio:<\/strong><\/p>\n\n\n\n<p>Terapie na dotek s.r.o.<\/p>\n\n\n\n<p>I\u010c: 08259488<\/p>\n\n\n\n<p><strong>BRNO:<\/strong><\/p>\n\n\n\n<p>Bulharsk\u00e1 3061\/48a, Kr\u00e1lovo Pole<\/p>\n\n\n\n<p><strong>Znojmo:<\/strong><\/p>\n\n\n\n<p>Pra\u017esk\u00e1 E.4177 (C\u00ednov\u00e1 hora S)<\/p>\n\n\n\n<p>Kontakt:<\/p>\n\n\n\n<p>Ing. Monika Kala\u0161ov\u00e1<\/p>\n\n\n\n<p>Tel: 602 213 935<\/p>\n\n\n\n<p><strong>e-mail:<\/strong> <a href=\"mailto:info@terapienadotek.cz\">info@terapienadotek.cz<\/a><\/p>\n\n\n\n<p><\/p>\n","protected":false},"excerpt":{"rendered":"<p>Pro objedn\u00e1vky pros\u00edm napi\u0161te zpr\u00e1vu na WhatsApp, sms, p\u0159\u00edpadn\u011b e-mail. B\u011bhem dne se \u010dasto nemohu v\u011bnovat telefon\u00e1t\u016fm, d\u011bkuji za pochopen\u00ed. Terapeutick\u00e9 studio: Terapie na dotek s.r.o. I\u010c: 08259488 BRNO: Bulharsk\u00e1 3061\/48a, Kr\u00e1lovo Pole Znojmo: Pra\u017esk\u00e1 E.4177 (C\u00ednov\u00e1 hora S) Kontakt: Ing. Monika Kala\u0161ov\u00e1 Tel: 602 213 935 e-mail: info@terapienadotek.cz<\/p>\n","protected":false},"author":1,"featured_media":180,"parent":0,"menu_order":0,"comment_status":"closed","ping_status":"closed","template":"","meta":{"footnotes":""},"class_list":["post-179","page","type-page","status-publish","has-post-thumbnail","hentry"],"_links":{"self":[{"href":"https:\/\/terapienadotek.cz\/index.php?rest_route=\/wp\/v2\/pages\/179","targetHints":{"allow":["GET"]}}],"collection":[{"href":"https:\/\/terapienadotek.cz\/index.php?rest_route=\/wp\/v2\/pages"}],"about":[{"href":"https:\/\/terapienadotek.cz\/index.php?rest_route=\/wp\/v2\/types\/page"}],"author":[{"embeddable":true,"href":"https:\/\/terapienadotek.cz\/index.php?rest_route=\/wp\/v2\/users\/1"}],"replies":[{"embeddable":true,"href":"https:\/\/terapienadotek.cz\/index.php?rest_route=%2Fwp%2Fv2%2Fcomments&post=179"}],"version-history":[{"count":7,"href":"https:\/\/terapienadotek.cz\/index.php?rest_route=\/wp\/v2\/pages\/179\/revisions"}],"predecessor-version":[{"id":398,"href":"https:\/\/terapienadotek.cz\/index.php?rest_route=\/wp\/v2\/pages\/179\/revisions\/398"}],"wp:featuredmedia":[{"embeddable":true,"href":"https:\/\/terapienadotek.cz\/index.php?rest_route=\/wp\/v2\/media\/180"}],"wp:attachment":[{"href":"https:\/\/terapienadotek.cz\/index.php?rest_route=%2Fwp%2Fv2%2Fmedia&parent=179"}],"curies":[{"name":"wp","href":"https:\/\/api.w.org\/{rel}","templated":true}]}}