{"id":244,"date":"2020-09-28T13:51:38","date_gmt":"2020-09-28T11:51:38","guid":{"rendered":"https:\/\/terapienadotek.cz\/?page_id=244"},"modified":"2023-05-29T10:42:40","modified_gmt":"2023-05-29T08:42:40","slug":"napiste-nam","status":"publish","type":"page","link":"https:\/\/terapienadotek.cz\/?page_id=244","title":{"rendered":"Napi\u0161te n\u00e1m"},"content":{"rendered":"        <div class=\"wp-gr wpac\" data-id=\"355\" data-layout=\"slider\" data-exec=\"false\"><div class=\"grw-slider\" data-options='{\"speed\":5}'><div class=\"grw-row grw-row-m\"><div class=\"grw-slider-header\"><div class=\"grw-slider-header-inner\"><div class=\"wp-google-place\"><div class=\"wp-google-left\"><img loading=\"lazy\" decoding=\"async\" src=\"https:\/\/lh3.googleusercontent.com\/places\/ANJU3Dt8i4IfBdOUIKTwid4fppwJjA4TmY7bFTj5S4qjX8is6kkoieyWVDlKj_BaPNI0Kg6UrS5euDjM82WRMX7cdBGhrPgQEs746UU=s1600-w300-h300\" alt=\"Terapie Na Dotek s.r.o.\" width=\"50\" height=\"50\" title=\"Terapie Na Dotek s.r.o.\"><\/div><div class=\"wp-google-right\"><div class=\"wp-google-name\"><a href=\"https:\/\/maps.google.com\/?cid=1383520254709923521\" target=\"_blank\" rel=\"nofollow noopener\"><span>Terapie Na Dotek s.r.o.<\/span><\/a><\/div><div><span class=\"wp-google-rating\">5.0<\/span><span class=\"wp-google-stars\"><span class=\"wp-stars\"><span class=\"wp-star\"><svg width=\"17\" height=\"17\" viewBox=\"0 0 1792 1792\"><path d=\"M1728 647q0 22-26 48l-363 354 86 500q1 7 1 20 0 21-10.5 35.5t-30.5 14.5q-19 0-40-12l-449-236-449 236q-22 12-40 12-21 0-31.5-14.5t-10.5-35.5q0-6 2-20l86-500-364-354q-25-27-25-48 0-37 56-46l502-73 225-455q19-41 49-41t49 41l225 455 502 73q56 9 56 46z\" fill=\"#fb8e28\"><\/path><\/svg><\/span><span class=\"wp-star\"><svg width=\"17\" height=\"17\" viewBox=\"0 0 1792 1792\"><path d=\"M1728 647q0 22-26 48l-363 354 86 500q1 7 1 20 0 21-10.5 35.5t-30.5 14.5q-19 0-40-12l-449-236-449 236q-22 12-40 12-21 0-31.5-14.5t-10.5-35.5q0-6 2-20l86-500-364-354q-25-27-25-48 0-37 56-46l502-73 225-455q19-41 49-41t49 41l225 455 502 73q56 9 56 46z\" fill=\"#fb8e28\"><\/path><\/svg><\/span><span class=\"wp-star\"><svg width=\"17\" height=\"17\" viewBox=\"0 0 1792 1792\"><path d=\"M1728 647q0 22-26 48l-363 354 86 500q1 7 1 20 0 21-10.5 35.5t-30.5 14.5q-19 0-40-12l-449-236-449 236q-22 12-40 12-21 0-31.5-14.5t-10.5-35.5q0-6 2-20l86-500-364-354q-25-27-25-48 0-37 56-46l502-73 225-455q19-41 49-41t49 41l225 455 502 73q56 9 56 46z\" fill=\"#fb8e28\"><\/path><\/svg><\/span><span class=\"wp-star\"><svg width=\"17\" height=\"17\" viewBox=\"0 0 1792 1792\"><path d=\"M1728 647q0 22-26 48l-363 354 86 500q1 7 1 20 0 21-10.5 35.5t-30.5 14.5q-19 0-40-12l-449-236-449 236q-22 12-40 12-21 0-31.5-14.5t-10.5-35.5q0-6 2-20l86-500-364-354q-25-27-25-48 0-37 56-46l502-73 225-455q19-41 49-41t49 41l225 455 502 73q56 9 56 46z\" fill=\"#fb8e28\"><\/path><\/svg><\/span><span class=\"wp-star\"><svg width=\"17\" height=\"17\" viewBox=\"0 0 1792 1792\"><path d=\"M1728 647q0 22-26 48l-363 354 86 500q1 7 1 20 0 21-10.5 35.5t-30.5 14.5q-19 0-40-12l-449-236-449 236q-22 12-40 12-21 0-31.5-14.5t-10.5-35.5q0-6 2-20l86-500-364-354q-25-27-25-48 0-37 56-46l502-73 225-455q19-41 49-41t49 41l225 455 502 73q56 9 56 46z\" fill=\"#fb8e28\"><\/path><\/svg><\/span><\/span><\/span><\/div><div class=\"wp-google-powered\">Na z\u00e1klad\u011b 1 recenz\u00ed<\/div><div class=\"wp-google-powered\"><img loading=\"lazy\" decoding=\"async\" src=\"https:\/\/terapienadotek.cz\/wp-content\/plugins\/widget-google-reviews\/assets\/img\/powered_by_google_on_white.png\" alt=\"powered by Google\" width=\"144\" height=\"18\" title=\"powered by Google\"><\/div><div class=\"wp-google-wr\"><a href=\"https:\/\/search.google.com\/local\/writereview?placeid=ChIJRZlhvFiVEkcRwf6KaVdAMxM\" onclick=\"return rplg_leave_review_window.call(this)\">ohodno\u0165te n\u00e1s na<svg viewBox=\"0 0 512 512\" height=\"18\" width=\"18\"><g fill=\"none\" fill-rule=\"evenodd\"><path d=\"M482.56 261.36c0-16.73-1.5-32.83-4.29-48.27H256v91.29h127.01c-5.47 29.5-22.1 54.49-47.09 71.23v59.21h76.27c44.63-41.09 70.37-101.59 70.37-173.46z\" fill=\"#4285f4\"\/><path d=\"M256 492c63.72 0 117.14-21.13 156.19-57.18l-76.27-59.21c-21.13 14.16-48.17 22.53-79.92 22.53-61.47 0-113.49-41.51-132.05-97.3H45.1v61.15c38.83 77.13 118.64 130.01 210.9 130.01z\" fill=\"#34a853\"\/><path d=\"M123.95 300.84c-4.72-14.16-7.4-29.29-7.4-44.84s2.68-30.68 7.4-44.84V150.01H45.1C29.12 181.87 20 217.92 20 256c0 38.08 9.12 74.13 25.1 105.99l78.85-61.15z\" fill=\"#fbbc05\"\/><path d=\"M256 113.86c34.65 0 65.76 11.91 90.22 35.29l67.69-67.69C373.03 43.39 319.61 20 256 20c-92.25 0-172.07 52.89-210.9 130.01l78.85 61.15c18.56-55.78 70.59-97.3 132.05-97.3z\" fill=\"#ea4335\"\/><path d=\"M20 20h472v472H20V20z\"\/><\/g><\/svg><\/a><\/div><\/div><\/div><\/div><\/div><div class=\"grw-slider-content\"><div class=\"grw-slider-content-inner\"><div class=\"grw-slider-reviews\"><div class=\"grw-slider-review\"><div class=\"grw-slider-review-inner grw-slider-review-border\"><div class=\"wp-google-review\"><div class=\"wp-google-left\"><img loading=\"lazy\" decoding=\"async\" src=\"https:\/\/terapienadotek.cz\/wp-content\/plugins\/widget-google-reviews\/assets\/img\/guest.png\" data-src=\"https:\/\/terapienadotek.cz\/wp-content\/uploads\/2023\/05\/ChIJRZlhvFiVEkcRwf6KaVdAMxM_5a76ff198022f278759808e9dd25b379.jpg\" class=\"rplg-review-avatar rplg-blazy\" alt=\"Gabriela Belian\u010d\u00ednov\u00e1\" width=\"50\" height=\"50\" title=\"Gabriela Belian\u010d\u00ednov\u00e1\" onerror=\"if(this.src!='https:\/\/terapienadotek.cz\/wp-content\/plugins\/widget-google-reviews\/assets\/img\/guest.png')this.src='https:\/\/terapienadotek.cz\/wp-content\/plugins\/widget-google-reviews\/assets\/img\/guest.png';\" ><a href=\"https:\/\/www.google.com\/maps\/contrib\/114304421188891699472\/reviews\" class=\"wp-google-name\" target=\"_blank\" rel=\"nofollow noopener\">Gabriela Belian\u010d\u00ednov\u00e1<\/a><div class=\"wp-google-time\" data-time=\"1629011640\">07:14 15 Aug 21<\/div><\/div><div class=\"wp-google-stars\"><span class=\"wp-stars\"><span class=\"wp-star\"><svg width=\"17\" height=\"17\" viewBox=\"0 0 1792 1792\"><path d=\"M1728 647q0 22-26 48l-363 354 86 500q1 7 1 20 0 21-10.5 35.5t-30.5 14.5q-19 0-40-12l-449-236-449 236q-22 12-40 12-21 0-31.5-14.5t-10.5-35.5q0-6 2-20l86-500-364-354q-25-27-25-48 0-37 56-46l502-73 225-455q19-41 49-41t49 41l225 455 502 73q56 9 56 46z\" fill=\"#fb8e28\"><\/path><\/svg><\/span><span class=\"wp-star\"><svg width=\"17\" height=\"17\" viewBox=\"0 0 1792 1792\"><path d=\"M1728 647q0 22-26 48l-363 354 86 500q1 7 1 20 0 21-10.5 35.5t-30.5 14.5q-19 0-40-12l-449-236-449 236q-22 12-40 12-21 0-31.5-14.5t-10.5-35.5q0-6 2-20l86-500-364-354q-25-27-25-48 0-37 56-46l502-73 225-455q19-41 49-41t49 41l225 455 502 73q56 9 56 46z\" fill=\"#fb8e28\"><\/path><\/svg><\/span><span class=\"wp-star\"><svg width=\"17\" height=\"17\" viewBox=\"0 0 1792 1792\"><path d=\"M1728 647q0 22-26 48l-363 354 86 500q1 7 1 20 0 21-10.5 35.5t-30.5 14.5q-19 0-40-12l-449-236-449 236q-22 12-40 12-21 0-31.5-14.5t-10.5-35.5q0-6 2-20l86-500-364-354q-25-27-25-48 0-37 56-46l502-73 225-455q19-41 49-41t49 41l225 455 502 73q56 9 56 46z\" fill=\"#fb8e28\"><\/path><\/svg><\/span><span class=\"wp-star\"><svg width=\"17\" height=\"17\" viewBox=\"0 0 1792 1792\"><path d=\"M1728 647q0 22-26 48l-363 354 86 500q1 7 1 20 0 21-10.5 35.5t-30.5 14.5q-19 0-40-12l-449-236-449 236q-22 12-40 12-21 0-31.5-14.5t-10.5-35.5q0-6 2-20l86-500-364-354q-25-27-25-48 0-37 56-46l502-73 225-455q19-41 49-41t49 41l225 455 502 73q56 9 56 46z\" fill=\"#fb8e28\"><\/path><\/svg><\/span><span class=\"wp-star\"><svg width=\"17\" height=\"17\" viewBox=\"0 0 1792 1792\"><path d=\"M1728 647q0 22-26 48l-363 354 86 500q1 7 1 20 0 21-10.5 35.5t-30.5 14.5q-19 0-40-12l-449-236-449 236q-22 12-40 12-21 0-31.5-14.5t-10.5-35.5q0-6 2-20l86-500-364-354q-25-27-25-48 0-37 56-46l502-73 225-455q19-41 49-41t49 41l225 455 502 73q56 9 56 46z\" fill=\"#fb8e28\"><\/path><\/svg><\/span><\/span><\/div><div><div class=\"wp-google-feedback\" ><span class=\"wp-google-text\">I was very pleasantly surprised, but the therapist did wonders for my body. Very helpful and sweet lady. I highly recommend &#x1f60a;.<\/span><\/div><\/div><\/div><svg viewBox=\"0 0 512 512\" height=\"18\" width=\"18\"><g fill=\"none\" fill-rule=\"evenodd\"><path d=\"M482.56 261.36c0-16.73-1.5-32.83-4.29-48.27H256v91.29h127.01c-5.47 29.5-22.1 54.49-47.09 71.23v59.21h76.27c44.63-41.09 70.37-101.59 70.37-173.46z\" fill=\"#4285f4\"\/><path d=\"M256 492c63.72 0 117.14-21.13 156.19-57.18l-76.27-59.21c-21.13 14.16-48.17 22.53-79.92 22.53-61.47 0-113.49-41.51-132.05-97.3H45.1v61.15c38.83 77.13 118.64 130.01 210.9 130.01z\" fill=\"#34a853\"\/><path d=\"M123.95 300.84c-4.72-14.16-7.4-29.29-7.4-44.84s2.68-30.68 7.4-44.84V150.01H45.1C29.12 181.87 20 217.92 20 256c0 38.08 9.12 74.13 25.1 105.99l78.85-61.15z\" fill=\"#fbbc05\"\/><path d=\"M256 113.86c34.65 0 65.76 11.91 90.22 35.29l67.69-67.69C373.03 43.39 319.61 20 256 20c-92.25 0-172.07 52.89-210.9 130.01l78.85 61.15c18.56-55.78 70.59-97.3 132.05-97.3z\" fill=\"#ea4335\"\/><path d=\"M20 20h472v472H20V20z\"\/><\/g><\/svg><\/div><\/div><div class=\"grw-slider-review\"><div class=\"grw-slider-review-inner grw-slider-review-border\"><div class=\"wp-google-review\"><div class=\"wp-google-left\"><img loading=\"lazy\" decoding=\"async\" src=\"https:\/\/terapienadotek.cz\/wp-content\/plugins\/widget-google-reviews\/assets\/img\/guest.png\" data-src=\"https:\/\/terapienadotek.cz\/wp-content\/uploads\/2023\/05\/ChIJRZlhvFiVEkcRwf6KaVdAMxM_5a76ff198022f278759808e9dd25b379.jpg\" class=\"rplg-review-avatar rplg-blazy\" alt=\"Gabriela Belian\u010d\u00ednov\u00e1\" width=\"50\" height=\"50\" title=\"Gabriela Belian\u010d\u00ednov\u00e1\" onerror=\"if(this.src!='https:\/\/terapienadotek.cz\/wp-content\/plugins\/widget-google-reviews\/assets\/img\/guest.png')this.src='https:\/\/terapienadotek.cz\/wp-content\/plugins\/widget-google-reviews\/assets\/img\/guest.png';\" ><a href=\"https:\/\/www.google.com\/maps\/contrib\/114304421188891699472\/reviews\" class=\"wp-google-name\" target=\"_blank\" rel=\"nofollow noopener\">Gabriela Belian\u010d\u00ednov\u00e1<\/a><div class=\"wp-google-time\" data-time=\"1629011640\">07:14 15 Aug 21<\/div><\/div><div class=\"wp-google-stars\"><span class=\"wp-stars\"><span class=\"wp-star\"><svg width=\"17\" height=\"17\" viewBox=\"0 0 1792 1792\"><path d=\"M1728 647q0 22-26 48l-363 354 86 500q1 7 1 20 0 21-10.5 35.5t-30.5 14.5q-19 0-40-12l-449-236-449 236q-22 12-40 12-21 0-31.5-14.5t-10.5-35.5q0-6 2-20l86-500-364-354q-25-27-25-48 0-37 56-46l502-73 225-455q19-41 49-41t49 41l225 455 502 73q56 9 56 46z\" fill=\"#fb8e28\"><\/path><\/svg><\/span><span class=\"wp-star\"><svg width=\"17\" height=\"17\" viewBox=\"0 0 1792 1792\"><path d=\"M1728 647q0 22-26 48l-363 354 86 500q1 7 1 20 0 21-10.5 35.5t-30.5 14.5q-19 0-40-12l-449-236-449 236q-22 12-40 12-21 0-31.5-14.5t-10.5-35.5q0-6 2-20l86-500-364-354q-25-27-25-48 0-37 56-46l502-73 225-455q19-41 49-41t49 41l225 455 502 73q56 9 56 46z\" fill=\"#fb8e28\"><\/path><\/svg><\/span><span class=\"wp-star\"><svg width=\"17\" height=\"17\" viewBox=\"0 0 1792 1792\"><path d=\"M1728 647q0 22-26 48l-363 354 86 500q1 7 1 20 0 21-10.5 35.5t-30.5 14.5q-19 0-40-12l-449-236-449 236q-22 12-40 12-21 0-31.5-14.5t-10.5-35.5q0-6 2-20l86-500-364-354q-25-27-25-48 0-37 56-46l502-73 225-455q19-41 49-41t49 41l225 455 502 73q56 9 56 46z\" fill=\"#fb8e28\"><\/path><\/svg><\/span><span class=\"wp-star\"><svg width=\"17\" height=\"17\" viewBox=\"0 0 1792 1792\"><path d=\"M1728 647q0 22-26 48l-363 354 86 500q1 7 1 20 0 21-10.5 35.5t-30.5 14.5q-19 0-40-12l-449-236-449 236q-22 12-40 12-21 0-31.5-14.5t-10.5-35.5q0-6 2-20l86-500-364-354q-25-27-25-48 0-37 56-46l502-73 225-455q19-41 49-41t49 41l225 455 502 73q56 9 56 46z\" fill=\"#fb8e28\"><\/path><\/svg><\/span><span class=\"wp-star\"><svg width=\"17\" height=\"17\" viewBox=\"0 0 1792 1792\"><path d=\"M1728 647q0 22-26 48l-363 354 86 500q1 7 1 20 0 21-10.5 35.5t-30.5 14.5q-19 0-40-12l-449-236-449 236q-22 12-40 12-21 0-31.5-14.5t-10.5-35.5q0-6 2-20l86-500-364-354q-25-27-25-48 0-37 56-46l502-73 225-455q19-41 49-41t49 41l225 455 502 73q56 9 56 46z\" fill=\"#fb8e28\"><\/path><\/svg><\/span><\/span><\/div><div><div class=\"wp-google-feedback\" ><span class=\"wp-google-text\">Byla jsem velmi mile p\u0159ekvapen\u00e1, ale pan\u00ed terapeutka ud\u011blala s m\u00fdm t\u011blem z\u00e1zraky. Velmi ochotn\u00e1 a zlat\u00e1 pan\u00ed. V\u0159ele doporu\u010duji&#x1f60a;.<\/span><\/div><\/div><\/div><svg viewBox=\"0 0 512 512\" height=\"18\" width=\"18\"><g fill=\"none\" fill-rule=\"evenodd\"><path d=\"M482.56 261.36c0-16.73-1.5-32.83-4.29-48.27H256v91.29h127.01c-5.47 29.5-22.1 54.49-47.09 71.23v59.21h76.27c44.63-41.09 70.37-101.59 70.37-173.46z\" fill=\"#4285f4\"\/><path d=\"M256 492c63.72 0 117.14-21.13 156.19-57.18l-76.27-59.21c-21.13 14.16-48.17 22.53-79.92 22.53-61.47 0-113.49-41.51-132.05-97.3H45.1v61.15c38.83 77.13 118.64 130.01 210.9 130.01z\" fill=\"#34a853\"\/><path d=\"M123.95 300.84c-4.72-14.16-7.4-29.29-7.4-44.84s2.68-30.68 7.4-44.84V150.01H45.1C29.12 181.87 20 217.92 20 256c0 38.08 9.12 74.13 25.1 105.99l78.85-61.15z\" fill=\"#fbbc05\"\/><path d=\"M256 113.86c34.65 0 65.76 11.91 90.22 35.29l67.69-67.69C373.03 43.39 319.61 20 256 20c-92.25 0-172.07 52.89-210.9 130.01l78.85 61.15c18.56-55.78 70.59-97.3 132.05-97.3z\" fill=\"#ea4335\"\/><path d=\"M20 20h472v472H20V20z\"\/><\/g><\/svg><\/div><\/div><div class=\"grw-slider-review\"><div class=\"grw-slider-review-inner grw-slider-review-border\"><div class=\"wp-google-review\"><div class=\"wp-google-left\"><img loading=\"lazy\" decoding=\"async\" src=\"https:\/\/terapienadotek.cz\/wp-content\/plugins\/widget-google-reviews\/assets\/img\/guest.png\" data-src=\"https:\/\/terapienadotek.cz\/wp-content\/uploads\/2023\/05\/ChIJRZlhvFiVEkcRwf6KaVdAMxM_5a76ff198022f278759808e9dd25b379.jpg\" class=\"rplg-review-avatar rplg-blazy\" alt=\"Gabriela Belian\u010d\u00ednov\u00e1\" width=\"50\" height=\"50\" title=\"Gabriela Belian\u010d\u00ednov\u00e1\" onerror=\"if(this.src!='https:\/\/terapienadotek.cz\/wp-content\/plugins\/widget-google-reviews\/assets\/img\/guest.png')this.src='https:\/\/terapienadotek.cz\/wp-content\/plugins\/widget-google-reviews\/assets\/img\/guest.png';\" ><a href=\"https:\/\/www.google.com\/maps\/contrib\/114304421188891699472\/reviews\" class=\"wp-google-name\" target=\"_blank\" rel=\"nofollow noopener\">Gabriela Belian\u010d\u00ednov\u00e1<\/a><div class=\"wp-google-time\" data-time=\"1629011640\">07:14 15 Aug 21<\/div><\/div><div class=\"wp-google-stars\"><span class=\"wp-stars\"><span class=\"wp-star\"><svg width=\"17\" height=\"17\" viewBox=\"0 0 1792 1792\"><path d=\"M1728 647q0 22-26 48l-363 354 86 500q1 7 1 20 0 21-10.5 35.5t-30.5 14.5q-19 0-40-12l-449-236-449 236q-22 12-40 12-21 0-31.5-14.5t-10.5-35.5q0-6 2-20l86-500-364-354q-25-27-25-48 0-37 56-46l502-73 225-455q19-41 49-41t49 41l225 455 502 73q56 9 56 46z\" fill=\"#fb8e28\"><\/path><\/svg><\/span><span class=\"wp-star\"><svg width=\"17\" height=\"17\" viewBox=\"0 0 1792 1792\"><path d=\"M1728 647q0 22-26 48l-363 354 86 500q1 7 1 20 0 21-10.5 35.5t-30.5 14.5q-19 0-40-12l-449-236-449 236q-22 12-40 12-21 0-31.5-14.5t-10.5-35.5q0-6 2-20l86-500-364-354q-25-27-25-48 0-37 56-46l502-73 225-455q19-41 49-41t49 41l225 455 502 73q56 9 56 46z\" fill=\"#fb8e28\"><\/path><\/svg><\/span><span class=\"wp-star\"><svg width=\"17\" height=\"17\" viewBox=\"0 0 1792 1792\"><path d=\"M1728 647q0 22-26 48l-363 354 86 500q1 7 1 20 0 21-10.5 35.5t-30.5 14.5q-19 0-40-12l-449-236-449 236q-22 12-40 12-21 0-31.5-14.5t-10.5-35.5q0-6 2-20l86-500-364-354q-25-27-25-48 0-37 56-46l502-73 225-455q19-41 49-41t49 41l225 455 502 73q56 9 56 46z\" fill=\"#fb8e28\"><\/path><\/svg><\/span><span class=\"wp-star\"><svg width=\"17\" height=\"17\" viewBox=\"0 0 1792 1792\"><path d=\"M1728 647q0 22-26 48l-363 354 86 500q1 7 1 20 0 21-10.5 35.5t-30.5 14.5q-19 0-40-12l-449-236-449 236q-22 12-40 12-21 0-31.5-14.5t-10.5-35.5q0-6 2-20l86-500-364-354q-25-27-25-48 0-37 56-46l502-73 225-455q19-41 49-41t49 41l225 455 502 73q56 9 56 46z\" fill=\"#fb8e28\"><\/path><\/svg><\/span><span class=\"wp-star\"><svg width=\"17\" height=\"17\" viewBox=\"0 0 1792 1792\"><path d=\"M1728 647q0 22-26 48l-363 354 86 500q1 7 1 20 0 21-10.5 35.5t-30.5 14.5q-19 0-40-12l-449-236-449 236q-22 12-40 12-21 0-31.5-14.5t-10.5-35.5q0-6 2-20l86-500-364-354q-25-27-25-48 0-37 56-46l502-73 225-455q19-41 49-41t49 41l225 455 502 73q56 9 56 46z\" fill=\"#fb8e28\"><\/path><\/svg><\/span><\/span><\/div><div><div class=\"wp-google-feedback\" ><span class=\"wp-google-text\">Byla jsem velmi mile p\u0159ekvapen\u00e1, ale pan\u00ed terapeutka ud\u011blala s m\u00fdm t\u011blem z\u00e1zraky. Velmi ochotn\u00e1 a zlat\u00e1 pan\u00ed. V\u0159ele doporu\u010duji&#x1f60a;.<\/span><\/div><\/div><\/div><svg viewBox=\"0 0 512 512\" height=\"18\" width=\"18\"><g fill=\"none\" fill-rule=\"evenodd\"><path d=\"M482.56 261.36c0-16.73-1.5-32.83-4.29-48.27H256v91.29h127.01c-5.47 29.5-22.1 54.49-47.09 71.23v59.21h76.27c44.63-41.09 70.37-101.59 70.37-173.46z\" fill=\"#4285f4\"\/><path d=\"M256 492c63.72 0 117.14-21.13 156.19-57.18l-76.27-59.21c-21.13 14.16-48.17 22.53-79.92 22.53-61.47 0-113.49-41.51-132.05-97.3H45.1v61.15c38.83 77.13 118.64 130.01 210.9 130.01z\" fill=\"#34a853\"\/><path d=\"M123.95 300.84c-4.72-14.16-7.4-29.29-7.4-44.84s2.68-30.68 7.4-44.84V150.01H45.1C29.12 181.87 20 217.92 20 256c0 38.08 9.12 74.13 25.1 105.99l78.85-61.15z\" fill=\"#fbbc05\"\/><path d=\"M256 113.86c34.65 0 65.76 11.91 90.22 35.29l67.69-67.69C373.03 43.39 319.61 20 256 20c-92.25 0-172.07 52.89-210.9 130.01l78.85 61.15c18.56-55.78 70.59-97.3 132.05-97.3z\" fill=\"#ea4335\"\/><path d=\"M20 20h472v472H20V20z\"\/><\/g><\/svg><\/div><\/div><\/div><div class=\"grw-slider-controls\"><div class=\"grw-slider-btns grw-slider-prev\"><svg viewBox=\"0 0 24 24\"><path d=\"M14.6,18.4L8.3,12l6.4-6.4l0.7,0.7L9.7,12l5.6,5.6L14.6,18.4z\"><\/path><\/svg><\/div><div class=\"grw-slider-btns grw-slider-next\"><svg viewBox=\"0 0 24 24\"><path d=\"M9.4,18.4l-0.7-0.7l5.6-5.6L8.6,6.4l0.7-0.7l6.4,6.4L9.4,18.4z\"><\/path><\/svg><\/div><\/div><\/div><div class=\"grw-slider-dots\"><\/div><\/div><\/div><img loading=\"lazy\" decoding=\"async\" src=\"data:image\/gif;base64,R0lGODlhAQABAIAAAAAAAP\/\/\/yH5BAEAAAAALAAAAAABAAEAAAIBRAA7\" alt=\"js_loader\" onload=\"(function(el, data) {var f = function() { window.grw_init ? grw_init(el, data) : setTimeout(f, 400) }; f() })(this, 'slider');\" width=\"1\" height=\"1\" style=\"display:none\"><\/div><\/div>        \n\n\n\n<p><\/p>\n\n\n\n<div id=\"vfb-form-1\" class=\"visual-form-builder-container\"><form id=\"napiste-nam-1\" class=\"visual-form-builder vfb-form-1 \" method=\"post\" enctype=\"multipart\/form-data\">\n\t\t\t<input type=\"hidden\" name=\"form_id\" value=\"1\" \/><fieldset class=\"vfb-fieldset vfb-fieldset-1 napiste-nam \" id=\"item-vfb-1\"><div class=\"vfb-legend\"><h3>Napi\u0161te n\u00e1m<\/h3><\/div><ul class=\"vfb-section vfb-section-1\"><li class=\"vfb-item vfb-item-text   vfb-left-half\" id=\"item-vfb-5\"><label for=\"vfb-5\" class=\"vfb-desc\">Jm\u00e9no a p\u0159\u00edjmen\u00ed  <span class=\"vfb-required-asterisk\">*<\/span><\/label><input type=\"text\" name=\"vfb-5\" id=\"vfb-5\" value=\"\" class=\"vfb-text  vfb-medium  required  \" \/><\/li><li class=\"vfb-item vfb-item-text   vfb-right-half\" id=\"item-vfb-6\"><label for=\"vfb-6\" class=\"vfb-desc\">E-mail  <span class=\"vfb-required-asterisk\">*<\/span><\/label><input type=\"text\" name=\"vfb-6\" id=\"vfb-6\" value=\"\" class=\"vfb-text  vfb-medium  required  email \" \/><\/li><li class=\"vfb-item vfb-item-checkbox   vfb-left-half\" id=\"item-vfb-7\"><label class=\"vfb-desc\">M\u00e1te z\u00e1jem o <\/label><div><span><label>Vyberte jednu \u010di v\u00edce variant<\/label><\/span><span class=\"vfb-span\"><input type=\"checkbox\" name=\"vfb-7[]\" id=\"vfb-7-0\" value=\"Rolfingovou terapii\" class=\"vfb-checkbox  \" \/><label for=\"vfb-7-0\" class=\"vfb-choice\">Rolfingovou terapii<\/label><\/span><span class=\"vfb-span\"><input type=\"checkbox\" name=\"vfb-7[]\" id=\"vfb-7-1\" value=\"Tradi\u010dn\u00ed \u010d\u00ednskou medic\u00ednu\" class=\"vfb-checkbox  \" \/><label for=\"vfb-7-1\" class=\"vfb-choice\">Tradi\u010dn\u00ed \u010d\u00ednskou medic\u00ednu<\/label><\/span><span class=\"vfb-span\"><input type=\"checkbox\" name=\"vfb-7[]\" id=\"vfb-7-2\" value=\"Mas\u00e1\u017e\" class=\"vfb-checkbox  \" \/><label for=\"vfb-7-2\" class=\"vfb-choice\">Mas\u00e1\u017e<\/label><\/span><span class=\"vfb-span\"><input type=\"checkbox\" name=\"vfb-7[]\" id=\"vfb-7-3\" value=\"Produkty Tradi\u010dn\u00ed \u010d\u00ednsk\u00e9 medic\u00edny\" class=\"vfb-checkbox  \" \/><label for=\"vfb-7-3\" class=\"vfb-choice\">Produkty Tradi\u010dn\u00ed \u010d\u00ednsk\u00e9 medic\u00edny<\/label><\/span><div style=\"clear:both\"><\/div><\/div><\/li><li class=\"vfb-item vfb-item-textarea   vfb-right-half\" id=\"item-vfb-8\"><label for=\"vfb-8\" class=\"vfb-desc\">Va\u0161e zpr\u00e1va <\/label><div><textarea name=\"vfb-8\" id=\"vfb-8\" class=\"vfb-textarea  vfb-medium  \"><\/textarea><\/div><\/li><\/ul>&nbsp;<\/fieldset><fieldset class=\"vfb-fieldset vfb-fieldset-2 potvrzeni \" id=\"item-vfb-2\" style=\"display:block\"><div class=\"vfb-legend\"><h3>Potvrzen\u00ed<\/h3><\/div><ul class=\"vfb-section vfb-section-2\"><li class=\"vfb-item vfb-item-secret\"  style=\"display:block\"><label for=\"vfb-3\" class=\"vfb-desc\">Zadejte pros\u00edm \u010d\u00edslo, kter\u00e9 vid\u00edte <span class=\"vfb-required-asterisk\">*<\/span><\/label><input type=\"hidden\" name=\"_vfb-secret\" value=\"vfb-3\" \/><span class=\"vfb-span\"><input type=\"text\" name=\"vfb-3\" id=\"vfb-3\" value=\"\" class=\"vfb-text  vfb-medium  required {digits:true,maxlength:2,minlength:2} \" style=\"display:block\" \/><label>12<\/label><\/span><li style=\"display:none;\"><label>This box is for spam protection - <strong>please leave it blank<\/strong>:<\/label><div><input name=\"vfb-spam\" \/><\/div><\/li>\n\t\t\t<li class=\"vfb-item vfb-item-submit\" id=\"item-vfb-4\">\n\t\t\t\t\t\t<input type=\"submit\" name=\"vfb-submit\" id=\"vfb-4\" value=\"Odeslat\" class=\"vfb-submit \" \/>\n\t\t\t\t\t\t<\/li><\/ul>\n\t\t\t<\/fieldset><input type=\"hidden\" name=\"_wp_http_referer\" value=\"\/index.php?rest_route=%2Fwp%2Fv2%2Fpages%2F244\" \/><\/form><\/div> <!-- .visual-form-builder-container -->\n","protected":false},"excerpt":{"rendered":"","protected":false},"author":1,"featured_media":0,"parent":0,"menu_order":0,"comment_status":"open","ping_status":"closed","template":"","meta":{"footnotes":""},"class_list":["post-244","page","type-page","status-publish","hentry"],"_links":{"self":[{"href":"https:\/\/terapienadotek.cz\/index.php?rest_route=\/wp\/v2\/pages\/244","targetHints":{"allow":["GET"]}}],"collection":[{"href":"https:\/\/terapienadotek.cz\/index.php?rest_route=\/wp\/v2\/pages"}],"about":[{"href":"https:\/\/terapienadotek.cz\/index.php?rest_route=\/wp\/v2\/types\/page"}],"author":[{"embeddable":true,"href":"https:\/\/terapienadotek.cz\/index.php?rest_route=\/wp\/v2\/users\/1"}],"replies":[{"embeddable":true,"href":"https:\/\/terapienadotek.cz\/index.php?rest_route=%2Fwp%2Fv2%2Fcomments&post=244"}],"version-history":[{"count":4,"href":"https:\/\/terapienadotek.cz\/index.php?rest_route=\/wp\/v2\/pages\/244\/revisions"}],"predecessor-version":[{"id":362,"href":"https:\/\/terapienadotek.cz\/index.php?rest_route=\/wp\/v2\/pages\/244\/revisions\/362"}],"wp:attachment":[{"href":"https:\/\/terapienadotek.cz\/index.php?rest_route=%2Fwp%2Fv2%2Fmedia&parent=244"}],"curies":[{"name":"wp","href":"https:\/\/api.w.org\/{rel}","templated":true}]}}