{"id":300,"date":"2022-01-10T12:06:56","date_gmt":"2022-01-10T11:06:56","guid":{"rendered":"https:\/\/terapienadotek.cz\/?page_id=300"},"modified":"2022-01-10T19:49:35","modified_gmt":"2022-01-10T18:49:35","slug":"prace-s-jizvami","status":"publish","type":"page","link":"https:\/\/terapienadotek.cz\/?page_id=300","title":{"rendered":"Pr\u00e1ce s jizvami"},"content":{"rendered":"\n<p>A\u0165 u\u017e je jizva po \u00faraze, po chirurgick\u00e9m z\u00e1kroku, nebo pop\u00e1lenin\u011b, u\u017e je ve v\u011bt\u0161in\u011b p\u0159\u00edpadech prov\u017edy m\u00edsto okolo jizvy ciz\u00ed, n\u011bkdy nesnesiteln\u00e9 na dotek, v m\u00edst\u011b jizvy pocit sta\u017een\u00e9 k\u016f\u017ee, v oblasti b\u0159icha nefunk\u010dnost org\u00e1n\u016f, mo\u017en\u00e1 i pocit p\u0159eru\u0161en\u00ed v t\u011ble nap\u0159. po c\u00edsa\u0159sk\u00e9m \u0159ezu. Pr\u00e1ce na jizv\u00e1ch obvykle ne\u0159e\u0161\u00ed pouze emo\u010dn\u00ed a estetick\u00e9 probl\u00e9my, ale tak\u00e9 p\u0159etrv\u00e1vaj\u00edc\u00ed chronick\u00e9 nervov\u00e9 dysfunkce, jako jsou necitlivost nebo p\u0159ecitliv\u011blost, p\u0159\u00edpadn\u011b jin\u00e9 nezvykl\u00e9 pocity. V\u011bt\u0161ina t\u011bchto dysfunkc\u00ed b\u011bhem sezen\u00ed vymiz\u00ed, jizvy jsou \u010dasto u\u017e po jednom sezen\u00ed viditeln\u011b hlad\u0161\u00ed a sv\u011btlej\u0161\u00ed, st\u00e1vaj\u00ed se sou\u010d\u00e1st\u00ed tk\u00e1n\u011b a p\u0159est\u00e1vaj\u00ed b\u00fdt n\u011b\u010d\u00edm ciz\u00edm a obt\u011b\u017euj\u00edc\u00edm.<\/p>\n\n\n\n<p>Nez\u00e1le\u017e\u00ed na to, jestli je jizva dva t\u00fddny star\u00e1, na povrchu nebo v hloubce t\u011bla, nap\u0159. u vnit\u0159n\u00edch org\u00e1n\u016f.<\/p>\n\n\n\n<p>Pr\u00e1ce na jizv\u00e1ch je p\u0159ev\u00e1\u017en\u011b velice jemn\u00e1 a pro klienta v\u011bt\u0161inou p\u0159\u00edjemn\u00e1.<\/p>\n\n\n\n<p>P\u0159i&nbsp; pr\u00e1ci se pou\u017e\u00edvaj\u00ed velmi jemn\u00e9, uklid\u0148uj\u00ed p\u0159irozen\u00e9 doteky. V\u011bt\u0161ina technik je uzp\u016fsoben\u00e1 konkr\u00e9tn\u00ed jizv\u011b, proto\u017ee ka\u017ed\u00e1 jizva je jedine\u010dn\u00e1. Pr\u00e1ce za\u010d\u00edn\u00e1 na povrchov\u00fdch vrstv\u00e1ch a postupn\u011b jde do vzd\u00e1len\u011bj\u0161\u00edch oblast\u00ed jizev, v\u010detn\u011b pr\u00e1ce s jak\u00fdmikoliv zainteresovan\u00fdmi vnit\u0159n\u00edmi org\u00e1ny.&nbsp;<\/p>\n\n\n\n<p>Pr\u00e1ce s jizvami \u010dasto vede k rozs\u00e1hl\u00fdm posun\u016fm integrace cel\u00e9ho t\u011bla spolu s \u0159e\u0161en\u00edm \u00farazu.<\/p>\n\n\n\n<p>Technika o\u0161et\u0159en\u00ed je jin\u00e1 ne\u017e p\u0159i rolfterapii, av\u0161ak z\u00e1m\u011br zm\u011bny m\u011bkk\u00e9 tk\u00e1n\u00ed je stejn\u00e1. V\u011bt\u0161in\u011b jizev sta\u010d\u00ed jedno o\u0161et\u0159en\u00ed, kter\u00e9 m\u016f\u017ee trvat 1 \u2013 2 hodiny, n\u011bkdy je t\u0159eba pr\u00e1ci opakovat. O\u0161et\u0159en\u00ed jizvy lze prov\u00e1d\u011bt bu\u010f samostatn\u011b, nebo m\u016f\u017ee b\u00fdt vlo\u017eena do s\u00e9rie deseti sezen\u00ed rolfterapie.<\/p>\n\n\n\n<figure class=\"wp-block-gallery columns-1 is-cropped wp-block-gallery-1 is-layout-flex wp-block-gallery-is-layout-flex\"><ul class=\"blocks-gallery-grid\"><li class=\"blocks-gallery-item\"><figure><img loading=\"lazy\" decoding=\"async\" width=\"360\" height=\"210\" src=\"https:\/\/terapienadotek.cz\/wp-content\/uploads\/2022\/01\/osetreni-zjizvene-tkane-1-crop-u255537.jpg\" alt=\"\" data-id=\"301\" data-full-url=\"https:\/\/terapienadotek.cz\/wp-content\/uploads\/2022\/01\/osetreni-zjizvene-tkane-1-crop-u255537.jpg\" data-link=\"https:\/\/terapienadotek.cz\/?attachment_id=301\" class=\"wp-image-301\" srcset=\"https:\/\/terapienadotek.cz\/wp-content\/uploads\/2022\/01\/osetreni-zjizvene-tkane-1-crop-u255537.jpg 360w, https:\/\/terapienadotek.cz\/wp-content\/uploads\/2022\/01\/osetreni-zjizvene-tkane-1-crop-u255537-300x175.jpg 300w\" sizes=\"auto, (max-width: 360px) 100vw, 360px\" \/><figcaption class=\"blocks-gallery-item__caption\">Jizva p\u0159ed o\u0161et\u0159en\u00edm<\/figcaption><\/figure><\/li><\/ul><\/figure>\n\n\n\n<figure class=\"wp-block-image size-large is-resized\"><img loading=\"lazy\" decoding=\"async\" src=\"https:\/\/terapienadotek.cz\/wp-content\/uploads\/2022\/01\/osetreni-zjizvene-tkane-3-crop-u255668.jpg\" alt=\"\" class=\"wp-image-302\" width=\"365\" height=\"213\" srcset=\"https:\/\/terapienadotek.cz\/wp-content\/uploads\/2022\/01\/osetreni-zjizvene-tkane-3-crop-u255668.jpg 360w, https:\/\/terapienadotek.cz\/wp-content\/uploads\/2022\/01\/osetreni-zjizvene-tkane-3-crop-u255668-300x175.jpg 300w\" sizes=\"auto, (max-width: 365px) 100vw, 365px\" \/><figcaption>Jizva po 5 o\u0161et\u0159en\u00edch<\/figcaption><\/figure>\n\n\n\n<p id=\"u245473-10\">Omezen\u00ed pro o\u0161et\u0159en\u00ed jizev:<\/p>\n\n\n\n<p id=\"u245473-12\">&#8211; t\u011b\u017ek\u00e1 cukrovka,<\/p>\n\n\n\n<p id=\"u245473-14\">&#8211; ko\u017en\u00ed onemocn\u011bn\u00ed v o\u0161et\u0159ovan\u00e9 oblasti,<\/p>\n\n\n\n<p id=\"u245473-16\">&#8211; jizvy otev\u0159en\u00e9,<\/p>\n\n\n\n<p id=\"u245473-20\">&#8211; mokvaj\u00edc\u00ed tk\u00e1\u0148 v okol\u00ed jizvy,<\/p>\n\n\n\n<p id=\"u245473-22\">&#8211; zarudnut\u00ed \u010di otok v okol\u00ed jizvy v d\u016fsledku z\u00e1n\u011btu nebo radioterapie<\/p>\n","protected":false},"excerpt":{"rendered":"<p>A\u0165 u\u017e je jizva po \u00faraze, po chirurgick\u00e9m z\u00e1kroku, nebo pop\u00e1lenin\u011b, u\u017e je ve v\u011bt\u0161in\u011b p\u0159\u00edpadech prov\u017edy m\u00edsto okolo jizvy ciz\u00ed, n\u011bkdy nesnesiteln\u00e9 na dotek, v m\u00edst\u011b jizvy pocit sta\u017een\u00e9 k\u016f\u017ee, v oblasti b\u0159icha nefunk\u010dnost org\u00e1n\u016f, mo\u017en\u00e1 i pocit p\u0159eru\u0161en\u00ed v t\u011ble nap\u0159. po c\u00edsa\u0159sk\u00e9m \u0159ezu. Pr\u00e1ce na jizv\u00e1ch obvykle ne\u0159e\u0161\u00ed pouze emo\u010dn\u00ed a estetick\u00e9 &hellip; <\/p>\n<p class=\"link-more\"><a href=\"https:\/\/terapienadotek.cz\/?page_id=300\" class=\"more-link\">Pokra\u010dovat ve \u010dten\u00ed<span class=\"screen-reader-text\"> &#8222;Pr\u00e1ce s jizvami&#8220;<\/span><\/a><\/p>\n","protected":false},"author":1,"featured_media":0,"parent":64,"menu_order":0,"comment_status":"closed","ping_status":"closed","template":"","meta":{"footnotes":""},"class_list":["post-300","page","type-page","status-publish","hentry"],"_links":{"self":[{"href":"https:\/\/terapienadotek.cz\/index.php?rest_route=\/wp\/v2\/pages\/300","targetHints":{"allow":["GET"]}}],"collection":[{"href":"https:\/\/terapienadotek.cz\/index.php?rest_route=\/wp\/v2\/pages"}],"about":[{"href":"https:\/\/terapienadotek.cz\/index.php?rest_route=\/wp\/v2\/types\/page"}],"author":[{"embeddable":true,"href":"https:\/\/terapienadotek.cz\/index.php?rest_route=\/wp\/v2\/users\/1"}],"replies":[{"embeddable":true,"href":"https:\/\/terapienadotek.cz\/index.php?rest_route=%2Fwp%2Fv2%2Fcomments&post=300"}],"version-history":[{"count":8,"href":"https:\/\/terapienadotek.cz\/index.php?rest_route=\/wp\/v2\/pages\/300\/revisions"}],"predecessor-version":[{"id":321,"href":"https:\/\/terapienadotek.cz\/index.php?rest_route=\/wp\/v2\/pages\/300\/revisions\/321"}],"up":[{"embeddable":true,"href":"https:\/\/terapienadotek.cz\/index.php?rest_route=\/wp\/v2\/pages\/64"}],"wp:attachment":[{"href":"https:\/\/terapienadotek.cz\/index.php?rest_route=%2Fwp%2Fv2%2Fmedia&parent=300"}],"curies":[{"name":"wp","href":"https:\/\/api.w.org\/{rel}","templated":true}]}}