{"id":47,"date":"2020-05-05T12:09:23","date_gmt":"2020-05-05T10:09:23","guid":{"rendered":"https:\/\/terapienadotek.cz\/?page_id=47"},"modified":"2026-02-24T13:40:20","modified_gmt":"2026-02-24T12:40:20","slug":"o-mne","status":"publish","type":"page","link":"https:\/\/terapienadotek.cz\/?page_id=47","title":{"rendered":"O mn\u011b"},"content":{"rendered":"\n<p>P\u016fvodn\u00ed profes\u00ed jsem ekonom s dvacetiletou prax\u00ed v oboru.&nbsp;<\/p>\n\n\n\n<p>V m\u00e9m \u017eivot\u011b m\u011b nicm\u00e9n\u011b v\u017edy fascinoval sv\u011bt bylinek, kv\u011bt\u016f, v\u016fn\u00ed. Sv\u011bt terapi\u00ed lidsk\u00e9ho i zv\u00ed\u0159ec\u00edho druhu.&nbsp;<\/p>\n\n\n\n<p>Musela jsem si nicm\u00e9n\u011b po\u010dkat a\u017e do roku 2016, kdy se sv\u011bt \u010d\u00edsel nadobro rozplynul a za\u010dal m\u016fj transforma\u010dn\u00ed proces, kter\u00fd m\u011b st\u00e1le v\u00edce a v\u00edce obohacuje.<\/p>\n\n\n\n<p>Do \u017eivota mi vstoupily takov\u00e9 b\u00e1je\u010dn\u00e9 v\u011bci jako <strong>\u010d\u00ednsk\u00e1 medic\u00edna<\/strong>, r\u016fzn\u00e9 druhy mas\u00e9rsk\u00fdch technik, jehli\u010dky, Reiki. V neposledn\u00ed \u0159ad\u011b jsem se sezn\u00e1mila s technikou pod n\u00e1zvem <strong>STRUKTUR\u00c1LN\u00cd INTEGRACE.<\/strong> Nep\u0159edstavujte si nic technick\u00e9ho, je to b\u00e1je\u010dn\u00e1 pr\u00e1ce s fasciemi, kterou sestavila MUDr. Ida Rolf. Proto tak\u00e9 n\u011bkdy Rolfterapie, <strong>ROLFING<\/strong>\u00ae.<\/p>\n\n\n\n<p>V\u0161echny obory, kter\u00fd mi jsem za posledn\u00ed l\u00e9ta pro\u0161la se velmi kr\u00e1sn\u011b dopl\u0148uj\u00ed a prol\u00ednaj\u00ed, umo\u017e\u0148uj\u00ed mi tak pracovat s klientem v rovin\u011b fyzick\u00e9 i psychick\u00e9, (h)ladit jeho t\u011blo i du\u0161i, a to v\u0161echno cestou velmi jemnou \u2013 slovem, dotykem, pohybem, bylinkami \u2026<\/p>\n\n\n\n<div class=\"wp-block-group\"><div class=\"wp-block-group__inner-container is-layout-flow wp-block-group-is-layout-flow\">\n<figure class=\"wp-block-image size-large\"><img loading=\"lazy\" decoding=\"async\" width=\"683\" height=\"1024\" src=\"https:\/\/terapienadotek.cz\/wp-content\/uploads\/2026\/02\/4ce74ebd-0d42-422a-bb71-8e56ec59c63d-683x1024.png\" alt=\"\" class=\"wp-image-392\" srcset=\"https:\/\/terapienadotek.cz\/wp-content\/uploads\/2026\/02\/4ce74ebd-0d42-422a-bb71-8e56ec59c63d-683x1024.png 683w, https:\/\/terapienadotek.cz\/wp-content\/uploads\/2026\/02\/4ce74ebd-0d42-422a-bb71-8e56ec59c63d-200x300.png 200w, https:\/\/terapienadotek.cz\/wp-content\/uploads\/2026\/02\/4ce74ebd-0d42-422a-bb71-8e56ec59c63d-768x1152.png 768w, https:\/\/terapienadotek.cz\/wp-content\/uploads\/2026\/02\/4ce74ebd-0d42-422a-bb71-8e56ec59c63d.png 1024w\" sizes=\"auto, (max-width: 683px) 100vw, 683px\" \/><\/figure>\n<\/div><\/div>\n","protected":false},"excerpt":{"rendered":"<p>P\u016fvodn\u00ed profes\u00ed jsem ekonom s dvacetiletou prax\u00ed v oboru.&nbsp; V m\u00e9m \u017eivot\u011b m\u011b nicm\u00e9n\u011b v\u017edy fascinoval sv\u011bt bylinek, kv\u011bt\u016f, v\u016fn\u00ed. Sv\u011bt terapi\u00ed lidsk\u00e9ho i zv\u00ed\u0159ec\u00edho druhu.&nbsp; Musela jsem si nicm\u00e9n\u011b po\u010dkat a\u017e do roku 2016, kdy se sv\u011bt \u010d\u00edsel nadobro rozplynul a za\u010dal m\u016fj transforma\u010dn\u00ed proces, kter\u00fd m\u011b st\u00e1le v\u00edce a v\u00edce obohacuje. Do \u017eivota &hellip; <\/p>\n<p class=\"link-more\"><a href=\"https:\/\/terapienadotek.cz\/?page_id=47\" class=\"more-link\">Pokra\u010dovat ve \u010dten\u00ed<span class=\"screen-reader-text\"> &#8222;O mn\u011b&#8220;<\/span><\/a><\/p>\n","protected":false},"author":1,"featured_media":0,"parent":0,"menu_order":0,"comment_status":"closed","ping_status":"closed","template":"","meta":{"footnotes":""},"class_list":["post-47","page","type-page","status-publish","hentry"],"_links":{"self":[{"href":"https:\/\/terapienadotek.cz\/index.php?rest_route=\/wp\/v2\/pages\/47","targetHints":{"allow":["GET"]}}],"collection":[{"href":"https:\/\/terapienadotek.cz\/index.php?rest_route=\/wp\/v2\/pages"}],"about":[{"href":"https:\/\/terapienadotek.cz\/index.php?rest_route=\/wp\/v2\/types\/page"}],"author":[{"embeddable":true,"href":"https:\/\/terapienadotek.cz\/index.php?rest_route=\/wp\/v2\/users\/1"}],"replies":[{"embeddable":true,"href":"https:\/\/terapienadotek.cz\/index.php?rest_route=%2Fwp%2Fv2%2Fcomments&post=47"}],"version-history":[{"count":9,"href":"https:\/\/terapienadotek.cz\/index.php?rest_route=\/wp\/v2\/pages\/47\/revisions"}],"predecessor-version":[{"id":394,"href":"https:\/\/terapienadotek.cz\/index.php?rest_route=\/wp\/v2\/pages\/47\/revisions\/394"}],"wp:attachment":[{"href":"https:\/\/terapienadotek.cz\/index.php?rest_route=%2Fwp%2Fv2%2Fmedia&parent=47"}],"curies":[{"name":"wp","href":"https:\/\/api.w.org\/{rel}","templated":true}]}}