{"id":52,"date":"2020-05-05T12:11:06","date_gmt":"2020-05-05T10:11:06","guid":{"rendered":"https:\/\/terapienadotek.cz\/?page_id=52"},"modified":"2025-10-07T11:39:19","modified_gmt":"2025-10-07T09:39:19","slug":"cenik","status":"publish","type":"page","link":"https:\/\/terapienadotek.cz\/?page_id=52","title":{"rendered":"CEN\u00cdK"},"content":{"rendered":"\n<h2 class=\"wp-block-heading\"><strong>Terapie Brno<\/strong><\/h2>\n\n\n\n<figure class=\"wp-block-table\"><table><tbody><tr><td><br><\/td><td><strong>D\u00e9lka min.<\/strong><\/td><td><strong>Cena (K\u010d)<\/strong><\/td><\/tr><tr><td><strong>Rolfingov\u00e1 terapie (10 sezen\u00ed)<br>cena za 1 sezen\u00ed<\/strong><\/td><td>60<\/td><td>1&nbsp;500<\/td><\/tr><tr><td><strong>Rolfingov\u00e1 terapie d\u011bti do 12 let<\/strong><\/td><td>45<\/td><td>1&nbsp;200<\/td><\/tr><tr><td><strong>Pr\u00e1ce s jizvami<\/strong><\/td><td>90<\/td><td>1&nbsp;500<\/td><\/tr><tr><td><strong>Diagnostika dle Tradi\u010dn\u00ed \u010d\u00ednsk\u00e9 medic\u00edny &#8211; vstupn\u00ed pohovor<\/strong><\/td><td>60<\/td><td>500<\/td><\/tr><tr><td><strong>Kontroln\u00ed vy\u0161et\u0159en\u00ed T\u010cM do 30 min<\/strong><\/td><td>30<\/td><td>300<\/td><\/tr><tr><td><strong>Kontroln\u00ed vy\u0161et\u0159en\u00ed T\u010cM do 60 min<\/strong><\/td><td>60<\/td><td>500<\/td><\/tr><\/tbody><\/table><\/figure>\n\n\n\n<p><\/p>\n\n\n\n<h2 class=\"wp-block-heading\"><strong>Cena Znojmo 2024<\/strong><\/h2>\n\n\n\n<figure class=\"wp-block-table\"><table><tbody><tr><td><\/td><td><strong>D\u00e9lka min.<\/strong><\/td><td><strong>Cena (K\u010d)<\/strong><\/td><\/tr><tr><td><strong>Rolfingov\u00e1 terapie <strong>(sestava 10 lekci)<\/strong> <\/strong><br>cena za 1 sezen\u00ed:<\/td><td>60<\/td><td>1&nbsp;200<\/td><\/tr><tr><td><strong>Uvoln\u011bn\u00ed t\u011bla, pr\u00e1ce s fasciemi<\/strong><\/td><td>60<\/td><td>1 200<\/td><\/tr><\/tbody><\/table><\/figure>\n\n\n\n<h2 class=\"wp-block-heading\"><strong>Terapie Znojmo<\/strong><\/h2>\n\n\n\n<figure class=\"wp-block-table\"><table><tbody><tr><td><br><\/td><td><strong>D\u00e9lka min.<\/strong><\/td><td><strong>Cena (K\u010d)<\/strong><\/td><\/tr><tr><td><strong>Rolfingov\u00e1 terapie d\u011bti do 12 let<\/strong><\/td><td>45-60<\/td><td>1 000<\/td><\/tr><tr><td><strong>Pr\u00e1ce s jizvami<\/strong><\/td><td>90<\/td><td>1&nbsp;200<\/td><\/tr><tr><td><strong>Diagnostika dle Tradi\u010dn\u00ed \u010d\u00ednsk\u00e9 medic\u00edny &#8211; vstupn\u00ed pohovor<\/strong><\/td><td>60<\/td><td>500<\/td><\/tr><tr><td><strong>Kontroln\u00ed vy\u0161et\u0159en\u00ed T\u010cM do 30 min<\/strong><\/td><td>30<\/td><td>300<\/td><\/tr><tr><td><strong>Kontroln\u00ed vy\u0161et\u0159en\u00ed T\u010cM do 60 min<\/strong><\/td><td>60<\/td><td>500<\/td><\/tr><\/tbody><\/table><\/figure>\n\n\n\n<p><strong>P\u0159i neomluven\u00e9 terapii je \u00fa\u010dtov\u00e1no 50% jej\u00ed pln\u00e9 ceny.<\/strong><\/p>\n","protected":false},"excerpt":{"rendered":"<p>Terapie Brno D\u00e9lka min. Cena (K\u010d) Rolfingov\u00e1 terapie (10 sezen\u00ed)cena za 1 sezen\u00ed 60 1&nbsp;500 Rolfingov\u00e1 terapie d\u011bti do 12 let 45 1&nbsp;200 Pr\u00e1ce s jizvami 90 1&nbsp;500 Diagnostika dle Tradi\u010dn\u00ed \u010d\u00ednsk\u00e9 medic\u00edny &#8211; vstupn\u00ed pohovor 60 500 Kontroln\u00ed vy\u0161et\u0159en\u00ed T\u010cM do 30 min 30 300 Kontroln\u00ed vy\u0161et\u0159en\u00ed T\u010cM do 60 min 60 500 Cena &hellip; <\/p>\n<p class=\"link-more\"><a href=\"https:\/\/terapienadotek.cz\/?page_id=52\" class=\"more-link\">Pokra\u010dovat ve \u010dten\u00ed<span class=\"screen-reader-text\"> &#8222;CEN\u00cdK&#8220;<\/span><\/a><\/p>\n","protected":false},"author":1,"featured_media":0,"parent":0,"menu_order":0,"comment_status":"closed","ping_status":"closed","template":"","meta":{"footnotes":""},"class_list":["post-52","page","type-page","status-publish","hentry"],"_links":{"self":[{"href":"https:\/\/terapienadotek.cz\/index.php?rest_route=\/wp\/v2\/pages\/52","targetHints":{"allow":["GET"]}}],"collection":[{"href":"https:\/\/terapienadotek.cz\/index.php?rest_route=\/wp\/v2\/pages"}],"about":[{"href":"https:\/\/terapienadotek.cz\/index.php?rest_route=\/wp\/v2\/types\/page"}],"author":[{"embeddable":true,"href":"https:\/\/terapienadotek.cz\/index.php?rest_route=\/wp\/v2\/users\/1"}],"replies":[{"embeddable":true,"href":"https:\/\/terapienadotek.cz\/index.php?rest_route=%2Fwp%2Fv2%2Fcomments&post=52"}],"version-history":[{"count":27,"href":"https:\/\/terapienadotek.cz\/index.php?rest_route=\/wp\/v2\/pages\/52\/revisions"}],"predecessor-version":[{"id":382,"href":"https:\/\/terapienadotek.cz\/index.php?rest_route=\/wp\/v2\/pages\/52\/revisions\/382"}],"wp:attachment":[{"href":"https:\/\/terapienadotek.cz\/index.php?rest_route=%2Fwp%2Fv2%2Fmedia&parent=52"}],"curies":[{"name":"wp","href":"https:\/\/api.w.org\/{rel}","templated":true}]}}