{"id":59,"date":"2020-05-05T12:25:33","date_gmt":"2020-05-05T10:25:33","guid":{"rendered":"https:\/\/terapienadotek.cz\/?page_id=59"},"modified":"2020-05-05T17:00:11","modified_gmt":"2020-05-05T15:00:11","slug":"co-je-to-rolf-terapie","status":"publish","type":"page","link":"https:\/\/terapienadotek.cz\/?page_id=59","title":{"rendered":"Rolf terapie vs. Struktur\u00e1ln\u00ed integrace"},"content":{"rendered":"\n<p>Rolfterapie, Rolfing\u00ae, Struktur\u00e1ln\u00ed integrace jsou synonyma pro syst\u00e9m terapi\u00ed, kter\u00e1 se zab\u00fdv\u00e1 v z\u00e1kladn\u00edch 10 individu\u00e1ln\u00edch hodin\u00e1ch postupn\u00fdm uvol\u0148ov\u00e1n\u00edm t\u011bla, jeho rovn\u00e1n\u00edm bl\u00ed\u017ee gravita\u010dn\u00ed vertik\u00e1le.<\/p>\n\n\n\n<p>\u010clov\u011bk se c\u00edt\u00ed (a je) v lep\u0161\u00ed kondici, psychick\u00e9 i fyzick\u00e9 pohod\u011b, miz\u00ed zdravotn\u00ed probl\u00e9my typu bolest\u00ed zad, karp\u00e1ln\u00ed tunely, haluxy, podp\u016frn\u00e9 tk\u00e1n\u011b &#8211; &#8222;vdovsk\u00fd hrb&#8220;, hru\u0161kovit\u00e9 boky, jablkovit\u00e1 b\u0159icha&#8230;<\/p>\n\n\n\n<p><strong>Pokud si dok\u00e1\u017eete p\u0159edstavit pocit, \u017ee je va\u0161e t\u011blo ladn\u00e9, lehk\u00e9, vyv\u00e1\u017een\u00e9, bez bolesti, ztuhlosti a chronick\u00e9ho nap\u011bt\u00ed, vyrovnan\u00e9 samo se sebou a se zemsk\u00fdm gravita\u010dn\u00edm polem, potom pochop\u00edte c\u00edle struktur\u00e1ln\u00ed integrace.<\/strong><\/p>\n\n\n\n<p><strong><em>Ida P. Rolf, PhD.<\/em><\/strong><\/p>\n\n\n\n<p>Rolfterapie\/Struktur\u00e1ln\u00ed Integrace je v\u011bdecky ov\u011b\u0159en\u00fd syst\u00e9m zm\u011bny struktury (stavby a tvaru) t\u011bla a v\u00fdchovy jeho pou\u017e\u00edv\u00e1n\u00ed. Je to v\u00fdsledek pades\u00e1tilet\u00e9ho studia a praxe zakladatelky Dr. Idy P. Rolfov\u00e9 a po jej\u00ed smrti v roce 1979 je\u0161t\u011b velk\u00e9ho mno\u017estv\u00ed lid\u00ed, kte\u0159\u00ed pokra\u010dovali a pokra\u010duj\u00ed v jej\u00ed pr\u00e1ci. Mezi ve\u0159ejnost\u00ed je tento syst\u00e9m t\u011blesn\u00e9 manipulace zn\u00e1m pod n\u00e1zvem rolfterapie nebo \u201erolfing\u201d. Struktur\u00e1ln\u00ed integrace je p\u016fvodn\u00ed n\u00e1zev, kter\u00fd dala Dr. Rolf sv\u00e9 celo\u017eivotn\u00ed pr\u00e1ci. Je vyu\u010dov\u00e1na r\u016fzn\u00fdmi \u0161kolami po cel\u00e9m sv\u011bt\u011b, mimo jin\u00fdmi &#8222;The Guild for Structural Integration&#8220;. K ozna\u010den\u00ed jej\u00ed metody a terapeut\u016f, kte\u0159\u00ed ji praktikuj\u00ed, jsou pou\u017e\u00edv\u00e1ny n\u00e1zvy Rolfing\u00ae a Rolfer\u00ae. Jedn\u00e1 se o ochrann\u00e9 zn\u00e1mky nejv\u011bt\u0161\u00ed \u0161koly, kter\u00e9 u\u010d\u00ed struktur\u00e1ln\u00ed integraci \u2013 The Rolf Institute of Structural Integration\u00ae.<\/p>\n\n\n\n<p>Z\u00e1kladem Struktur\u00e1ln\u00ed integrace je zkoum\u00e1n\u00ed vztahu lidsk\u00e9ho t\u011bla a energie pole, ve kter\u00e9m se \u010dlov\u011bk pohybuje \u2013 gravita\u010dn\u00edho pole. Gravita\u010dn\u00ed pole zem\u011b je nesporn\u011b nejsiln\u011bj\u0161\u00edm fyzik\u00e1ln\u00edm vlivem v \u017eivot\u011b ka\u017ed\u00e9ho \u010dlov\u011bka. Tak\u00e9 plat\u00ed, \u017ee p\u0159im\u011b\u0159en\u00fd po\u0159\u00e1dek je energeticky \u00fasporn\u011bj\u0161\u00ed ne\u017e nepo\u0159\u00e1dek. T\u011blo, kter\u00e9 je chybn\u011b postaven\u00e9 v\u016f\u010di gravitaci, se p\u0159izp\u016fsob\u00ed \u2013 mus\u00ed se p\u0159izp\u016fsobit \u2013 sm\u011brem dol\u016f p\u016fsob\u00edc\u00ed s\u00edle gravitace. P\u0159izp\u016fsobuje se t\u00edm, \u017ee si vytv\u00e1\u0159\u00ed dodate\u010dn\u00e9 podpory v m\u011bkk\u00fdch tk\u00e1n\u00edch. Postupem \u010dasu dojde k po\u0161kozen\u00ed hybnosti kloub\u016f a svalov\u00e9ho potenci\u00e1lu, \u010d\u00edm\u017e doch\u00e1z\u00ed k je\u0161t\u011b v\u011bt\u0161\u00ed nevyv\u00e1\u017eenosti \u2013 je to za\u010darovan\u00fd kruh.<\/p>\n\n\n\n<p>Smyslem Struktur\u00e1ln\u00ed integrace je p\u0159iv\u00e9st t\u011blo do p\u0159irozen\u00e9 rovnov\u00e1hy p\u0159irozen\u00e9ho souladu s gravita\u010dn\u00edm polem. Struktur\u00e1ln\u00ed integrace dosahuje tohoto stavu pomoc\u00ed 10-ti cca \u0161edes\u00e1timinutov\u00fdch lekc\u00ed systematick\u00e9 manu\u00e1ln\u00ed terapie, b\u011bhem kter\u00fdch doch\u00e1z\u00ed k uvol\u0148ov\u00e1n\u00ed a reformov\u00e1n\u00ed cel\u00e9 s\u00edt\u011b spojovac\u00edch tk\u00e1n\u00ed t\u011bla (fasci\u00e1ln\u00ed s\u00edt\u011b).<\/p>\n\n\n\n<p>Tento proces uvol\u0148uje \u010d\u00e1sti t\u011bla \u2013 nohy, ruce, trup atd. \u2013 z celo\u017eivotn\u00edho nap\u011bt\u00ed a zatuhnut\u00ed a umo\u017en\u00ed jejich vyrovn\u00e1n\u00ed a soulad s gravita\u010dn\u00edm polem Zem\u011b.<\/p>\n","protected":false},"excerpt":{"rendered":"<p>Rolfterapie, Rolfing\u00ae, Struktur\u00e1ln\u00ed integrace jsou synonyma pro syst\u00e9m terapi\u00ed, kter\u00e1 se zab\u00fdv\u00e1 v z\u00e1kladn\u00edch 10 individu\u00e1ln\u00edch hodin\u00e1ch postupn\u00fdm uvol\u0148ov\u00e1n\u00edm t\u011bla, jeho rovn\u00e1n\u00edm bl\u00ed\u017ee gravita\u010dn\u00ed vertik\u00e1le. \u010clov\u011bk se c\u00edt\u00ed (a je) v lep\u0161\u00ed kondici, psychick\u00e9 i fyzick\u00e9 pohod\u011b, miz\u00ed zdravotn\u00ed probl\u00e9my typu bolest\u00ed zad, karp\u00e1ln\u00ed tunely, haluxy, podp\u016frn\u00e9 tk\u00e1n\u011b &#8211; &#8222;vdovsk\u00fd hrb&#8220;, hru\u0161kovit\u00e9 boky, jablkovit\u00e1 b\u0159icha&#8230; &hellip; <\/p>\n<p class=\"link-more\"><a href=\"https:\/\/terapienadotek.cz\/?page_id=59\" class=\"more-link\">Pokra\u010dovat ve \u010dten\u00ed<span class=\"screen-reader-text\"> &#8222;Rolf terapie vs. Struktur\u00e1ln\u00ed integrace&#8220;<\/span><\/a><\/p>\n","protected":false},"author":1,"featured_media":102,"parent":0,"menu_order":0,"comment_status":"closed","ping_status":"closed","template":"","meta":{"footnotes":""},"class_list":["post-59","page","type-page","status-publish","has-post-thumbnail","hentry"],"_links":{"self":[{"href":"https:\/\/terapienadotek.cz\/index.php?rest_route=\/wp\/v2\/pages\/59","targetHints":{"allow":["GET"]}}],"collection":[{"href":"https:\/\/terapienadotek.cz\/index.php?rest_route=\/wp\/v2\/pages"}],"about":[{"href":"https:\/\/terapienadotek.cz\/index.php?rest_route=\/wp\/v2\/types\/page"}],"author":[{"embeddable":true,"href":"https:\/\/terapienadotek.cz\/index.php?rest_route=\/wp\/v2\/users\/1"}],"replies":[{"embeddable":true,"href":"https:\/\/terapienadotek.cz\/index.php?rest_route=%2Fwp%2Fv2%2Fcomments&post=59"}],"version-history":[{"count":6,"href":"https:\/\/terapienadotek.cz\/index.php?rest_route=\/wp\/v2\/pages\/59\/revisions"}],"predecessor-version":[{"id":105,"href":"https:\/\/terapienadotek.cz\/index.php?rest_route=\/wp\/v2\/pages\/59\/revisions\/105"}],"wp:featuredmedia":[{"embeddable":true,"href":"https:\/\/terapienadotek.cz\/index.php?rest_route=\/wp\/v2\/media\/102"}],"wp:attachment":[{"href":"https:\/\/terapienadotek.cz\/index.php?rest_route=%2Fwp%2Fv2%2Fmedia&parent=59"}],"curies":[{"name":"wp","href":"https:\/\/api.w.org\/{rel}","templated":true}]}}