{"id":66,"date":"2020-05-05T12:32:00","date_gmt":"2020-05-05T10:32:00","guid":{"rendered":"https:\/\/terapienadotek.cz\/?page_id=66"},"modified":"2020-05-06T10:01:22","modified_gmt":"2020-05-06T08:01:22","slug":"antistresova-masaz-hlavy","status":"publish","type":"page","link":"https:\/\/terapienadotek.cz\/?page_id=66","title":{"rendered":"Antistresov\u00e1 mas\u00e1\u017e hlavy"},"content":{"rendered":"\n<p>Jedn\u00e1 se o techniku, kter\u00e1 harmonizuje t\u011blo i du\u0161i z\u00e1rove\u0148. \u00da\u010dinn\u011b zbavuje stresu a nap\u011bt\u00ed a pom\u00e1h\u00e1 odstra\u0148ovat migr\u00e9ny. Okysli\u010duje mozek, zlep\u0161uje koncentraci, pom\u00e1h\u00e1 proti depres\u00edm a \u00fazkostn\u00fdm stav\u016fm. V\u00fdrazn\u011b napom\u00e1h\u00e1 vylep\u0161ovat stav poko\u017eky hlavy, vlasy jsou po pravideln\u00e9 mas\u00e1\u017ei hust\u0161\u00ed, lesklej\u0161\u00ed a celkov\u011b kvalitn\u011bj\u0161\u00ed.<\/p>\n\n\n\n<p>Je vhodn\u00e1 pro d\u011bti, dosp\u011bl\u00e9 i seniory.<\/p>\n","protected":false},"excerpt":{"rendered":"<p>Jedn\u00e1 se o techniku, kter\u00e1 harmonizuje t\u011blo i du\u0161i z\u00e1rove\u0148. \u00da\u010dinn\u011b zbavuje stresu a nap\u011bt\u00ed a pom\u00e1h\u00e1 odstra\u0148ovat migr\u00e9ny. Okysli\u010duje mozek, zlep\u0161uje koncentraci, pom\u00e1h\u00e1 proti depres\u00edm a \u00fazkostn\u00fdm stav\u016fm. V\u00fdrazn\u011b napom\u00e1h\u00e1 vylep\u0161ovat stav poko\u017eky hlavy, vlasy jsou po pravideln\u00e9 mas\u00e1\u017ei hust\u0161\u00ed, lesklej\u0161\u00ed a celkov\u011b kvalitn\u011bj\u0161\u00ed. Je vhodn\u00e1 pro d\u011bti, dosp\u011bl\u00e9 i seniory.<\/p>\n","protected":false},"author":1,"featured_media":172,"parent":64,"menu_order":0,"comment_status":"closed","ping_status":"closed","template":"","meta":{"footnotes":""},"class_list":["post-66","page","type-page","status-publish","has-post-thumbnail","hentry"],"_links":{"self":[{"href":"https:\/\/terapienadotek.cz\/index.php?rest_route=\/wp\/v2\/pages\/66","targetHints":{"allow":["GET"]}}],"collection":[{"href":"https:\/\/terapienadotek.cz\/index.php?rest_route=\/wp\/v2\/pages"}],"about":[{"href":"https:\/\/terapienadotek.cz\/index.php?rest_route=\/wp\/v2\/types\/page"}],"author":[{"embeddable":true,"href":"https:\/\/terapienadotek.cz\/index.php?rest_route=\/wp\/v2\/users\/1"}],"replies":[{"embeddable":true,"href":"https:\/\/terapienadotek.cz\/index.php?rest_route=%2Fwp%2Fv2%2Fcomments&post=66"}],"version-history":[{"count":2,"href":"https:\/\/terapienadotek.cz\/index.php?rest_route=\/wp\/v2\/pages\/66\/revisions"}],"predecessor-version":[{"id":140,"href":"https:\/\/terapienadotek.cz\/index.php?rest_route=\/wp\/v2\/pages\/66\/revisions\/140"}],"up":[{"embeddable":true,"href":"https:\/\/terapienadotek.cz\/index.php?rest_route=\/wp\/v2\/pages\/64"}],"wp:featuredmedia":[{"embeddable":true,"href":"https:\/\/terapienadotek.cz\/index.php?rest_route=\/wp\/v2\/media\/172"}],"wp:attachment":[{"href":"https:\/\/terapienadotek.cz\/index.php?rest_route=%2Fwp%2Fv2%2Fmedia&parent=66"}],"curies":[{"name":"wp","href":"https:\/\/api.w.org\/{rel}","templated":true}]}}