{"id":68,"date":"2020-05-05T12:32:22","date_gmt":"2020-05-05T10:32:22","guid":{"rendered":"https:\/\/terapienadotek.cz\/?page_id=68"},"modified":"2020-05-06T09:59:17","modified_gmt":"2020-05-06T07:59:17","slug":"diagnostika-dle-tradicni-cinske-mediciny","status":"publish","type":"page","link":"https:\/\/terapienadotek.cz\/?page_id=68","title":{"rendered":"Diagnostika dle Tradi\u010dn\u00ed \u010d\u00ednsk\u00e9 medic\u00edny"},"content":{"rendered":"\n<p>Tradi\u010dn\u00ed \u010d\u00ednsk\u00e1 medic\u00edna klade velk\u00fd d\u016fraz p\u0159edev\u0161\u00edm na prevenci, proto je mo\u017en\u00e9 se objednat na diagnostick\u00e9 sezen\u00ed v&nbsp;p\u0159\u00edpad\u011b konkr\u00e9tn\u00edch akutn\u00edch i chronick\u00fdch pot\u00ed\u017e\u00ed, ale i v&nbsp;p\u0159\u00edpad\u011b, \u017ee v\u00e1s moment\u00e1ln\u011b nic netr\u00e1p\u00ed a nebol\u00ed, pouze byste r\u00e1di harmonizovali sv\u016fj organismus.&nbsp;<\/p>\n\n\n\n<p>T\u010cM vych\u00e1z\u00ed mj. z existence \u017eivotn\u00ed s\u00edly \u010dchi (QI), kter\u00e1 obsahuje dva z\u00e1kladn\u00ed protikladn\u00e9, ale i spolupracuj\u00edc\u00ed principy: mu\u017esk\u00fd (jang) a \u017eensk\u00fd (jin) a v\u00fdsledkem jejich vz\u00e1jemn\u00e9ho p\u016fsoben\u00ed jsou neust\u00e1l\u00e9 zm\u011bny v organizmu. Diagnostika (stanoven\u00ed syndrom\u016f) se prov\u00e1d\u00ed na z\u00e1klad\u011b \u201e\u010dty\u0159 diagnostick\u00fdch metod\u201c: 1) pozorov\u00e1n\u00ed, pohmat, poslech pacienta 2) vypracovan\u00fd syst\u00e9m ot\u00e1zek 3) pulsov\u00e1 diagnostika 4) diagnostika pozorov\u00e1n\u00edm jazyka.<\/p>\n","protected":false},"excerpt":{"rendered":"<p>Tradi\u010dn\u00ed \u010d\u00ednsk\u00e1 medic\u00edna klade velk\u00fd d\u016fraz p\u0159edev\u0161\u00edm na prevenci, proto je mo\u017en\u00e9 se objednat na diagnostick\u00e9 sezen\u00ed v&nbsp;p\u0159\u00edpad\u011b konkr\u00e9tn\u00edch akutn\u00edch i chronick\u00fdch pot\u00ed\u017e\u00ed, ale i v&nbsp;p\u0159\u00edpad\u011b, \u017ee v\u00e1s moment\u00e1ln\u011b nic netr\u00e1p\u00ed a nebol\u00ed, pouze byste r\u00e1di harmonizovali sv\u016fj organismus.&nbsp; T\u010cM vych\u00e1z\u00ed mj. z existence \u017eivotn\u00ed s\u00edly \u010dchi (QI), kter\u00e1 obsahuje dva z\u00e1kladn\u00ed protikladn\u00e9, ale i &hellip; <\/p>\n<p class=\"link-more\"><a href=\"https:\/\/terapienadotek.cz\/?page_id=68\" class=\"more-link\">Pokra\u010dovat ve \u010dten\u00ed<span class=\"screen-reader-text\"> &#8222;Diagnostika dle Tradi\u010dn\u00ed \u010d\u00ednsk\u00e9 medic\u00edny&#8220;<\/span><\/a><\/p>\n","protected":false},"author":1,"featured_media":169,"parent":64,"menu_order":0,"comment_status":"closed","ping_status":"closed","template":"","meta":{"footnotes":""},"class_list":["post-68","page","type-page","status-publish","has-post-thumbnail","hentry"],"_links":{"self":[{"href":"https:\/\/terapienadotek.cz\/index.php?rest_route=\/wp\/v2\/pages\/68","targetHints":{"allow":["GET"]}}],"collection":[{"href":"https:\/\/terapienadotek.cz\/index.php?rest_route=\/wp\/v2\/pages"}],"about":[{"href":"https:\/\/terapienadotek.cz\/index.php?rest_route=\/wp\/v2\/types\/page"}],"author":[{"embeddable":true,"href":"https:\/\/terapienadotek.cz\/index.php?rest_route=\/wp\/v2\/users\/1"}],"replies":[{"embeddable":true,"href":"https:\/\/terapienadotek.cz\/index.php?rest_route=%2Fwp%2Fv2%2Fcomments&post=68"}],"version-history":[{"count":3,"href":"https:\/\/terapienadotek.cz\/index.php?rest_route=\/wp\/v2\/pages\/68\/revisions"}],"predecessor-version":[{"id":312,"href":"https:\/\/terapienadotek.cz\/index.php?rest_route=\/wp\/v2\/pages\/68\/revisions\/312"}],"up":[{"embeddable":true,"href":"https:\/\/terapienadotek.cz\/index.php?rest_route=\/wp\/v2\/pages\/64"}],"wp:featuredmedia":[{"embeddable":true,"href":"https:\/\/terapienadotek.cz\/index.php?rest_route=\/wp\/v2\/media\/169"}],"wp:attachment":[{"href":"https:\/\/terapienadotek.cz\/index.php?rest_route=%2Fwp%2Fv2%2Fmedia&parent=68"}],"curies":[{"name":"wp","href":"https:\/\/api.w.org\/{rel}","templated":true}]}}