{"id":81,"date":"2020-05-05T16:21:15","date_gmt":"2020-05-05T14:21:15","guid":{"rendered":"https:\/\/terapienadotek.cz\/?page_id=81"},"modified":"2020-05-05T16:39:58","modified_gmt":"2020-05-05T14:39:58","slug":"dr-ida-rolf","status":"publish","type":"page","link":"https:\/\/terapienadotek.cz\/?page_id=81","title":{"rendered":"Dr. Ida Rolf"},"content":{"rendered":"\n<p>Ida Rolf je pravd\u011bpodobn\u011b \u201ematkou\u201c nebo v dne\u0161n\u00ed dob\u011b mo\u017en\u00e1 \u201ebabi\u010dkou\u201c v\u0161ech z\u00e1padn\u00edch fasci\u00e1ln\u00edch nebo myofasci\u00e1ln\u00edch terapi\u00ed a jej\u00ed l\u00e9\u010debn\u00e1 metoda Struktur\u00e1ln\u00ed Integrace je jednou z nejd\u016fkladn\u011bj\u0161\u00edch a nejefektivn\u011bj\u0161\u00edch manipula\u010dn\u00edch technik zasahuj\u00edc\u00edch do struktury lidsk\u00e9ho t\u011bla.<\/p>\n\n\n\n<p>Ida Rolf se narodila 19. kv\u011btna 1896 v Brooklynu v New Yorku. Z\u00edskala doktor\u00e1t z biochemie na fakult\u011b l\u00e9ka\u0159stv\u00ed a chirurgie na univerzit\u011b Columbia. Dvan\u00e1ct let pracovala v Rockefelerov\u011b institutu na odd\u011blen\u00ed chemoterapie a organick\u00e9 chemie. Studovala tak\u00e9 matematiku a nukle\u00e1rn\u00ed fyziku v Curychu a homeopatick\u00e9 l\u00e9ka\u0159stv\u00ed v \u017denev\u011b. Na z\u00e1klad\u011b nespokojenosti s dostupn\u00fdmi l\u00e9\u010debn\u00fdmi metodami za\u010dala ve t\u0159ic\u00e1t\u00fdch letech 20. stolet\u00ed objevovat osteopatii, chiropraktickou l\u00e9\u010dbu, tantrickou j\u00f3gu, Alexandrovu techniku a pr\u00e1ci Korzybsk\u00e9ho o \u201ev\u011bdom\u00ed\u201c.<\/p>\n\n\n\n<p>Ve 40. letech rozv\u00edjela pr\u00e1ci s chronicky nemocn\u00fdmi, kte\u0159\u00ed nemohli nal\u00e9zt pomoc nikde jinde, a zaznamenala mnoho \u00fasp\u011bch\u016f. V 50. a 60. letech se jej\u00ed pov\u011bst roz\u0161\u00ed\u0159ila, a\u017e byla na n\u00e1vrh Fritze Pearlse, zakladatele Gestalt terapie, pozv\u00e1na do institutu Esalen v Kalifornii. Tam za\u010dala \u0161kolit terapeuty a instruktory ve Struktur\u00e1ln\u00ed Integraci.<\/p>\n\n\n\n<p>V 70. letech zalo\u017eila Ida Rolf vlastn\u00ed \u0161kolu ve m\u011bst\u011b Boulder v Coloradu. Zem\u0159ela v roce 1979. Existuje n\u011bkolik \u0161kol, kter\u00e9 pokra\u010duj\u00ed ve v\u00fdzkumu Idy Rolf k prohlouben\u00ed porozum\u011bn\u00ed vztahu gravitace a struktury lidsk\u00e9ho t\u011bla.<\/p>\n","protected":false},"excerpt":{"rendered":"<p>Ida Rolf je pravd\u011bpodobn\u011b \u201ematkou\u201c nebo v dne\u0161n\u00ed dob\u011b mo\u017en\u00e1 \u201ebabi\u010dkou\u201c v\u0161ech z\u00e1padn\u00edch fasci\u00e1ln\u00edch nebo myofasci\u00e1ln\u00edch terapi\u00ed a jej\u00ed l\u00e9\u010debn\u00e1 metoda Struktur\u00e1ln\u00ed Integrace je jednou z nejd\u016fkladn\u011bj\u0161\u00edch a nejefektivn\u011bj\u0161\u00edch manipula\u010dn\u00edch technik zasahuj\u00edc\u00edch do struktury lidsk\u00e9ho t\u011bla. Ida Rolf se narodila 19. kv\u011btna 1896 v Brooklynu v New Yorku. Z\u00edskala doktor\u00e1t z biochemie na fakult\u011b l\u00e9ka\u0159stv\u00ed &hellip; <\/p>\n<p class=\"link-more\"><a href=\"https:\/\/terapienadotek.cz\/?page_id=81\" class=\"more-link\">Pokra\u010dovat ve \u010dten\u00ed<span class=\"screen-reader-text\"> &#8222;Dr. Ida Rolf&#8220;<\/span><\/a><\/p>\n","protected":false},"author":1,"featured_media":94,"parent":0,"menu_order":0,"comment_status":"closed","ping_status":"closed","template":"","meta":{"footnotes":""},"class_list":["post-81","page","type-page","status-publish","has-post-thumbnail","hentry"],"_links":{"self":[{"href":"https:\/\/terapienadotek.cz\/index.php?rest_route=\/wp\/v2\/pages\/81","targetHints":{"allow":["GET"]}}],"collection":[{"href":"https:\/\/terapienadotek.cz\/index.php?rest_route=\/wp\/v2\/pages"}],"about":[{"href":"https:\/\/terapienadotek.cz\/index.php?rest_route=\/wp\/v2\/types\/page"}],"author":[{"embeddable":true,"href":"https:\/\/terapienadotek.cz\/index.php?rest_route=\/wp\/v2\/users\/1"}],"replies":[{"embeddable":true,"href":"https:\/\/terapienadotek.cz\/index.php?rest_route=%2Fwp%2Fv2%2Fcomments&post=81"}],"version-history":[{"count":3,"href":"https:\/\/terapienadotek.cz\/index.php?rest_route=\/wp\/v2\/pages\/81\/revisions"}],"predecessor-version":[{"id":96,"href":"https:\/\/terapienadotek.cz\/index.php?rest_route=\/wp\/v2\/pages\/81\/revisions\/96"}],"wp:featuredmedia":[{"embeddable":true,"href":"https:\/\/terapienadotek.cz\/index.php?rest_route=\/wp\/v2\/media\/94"}],"wp:attachment":[{"href":"https:\/\/terapienadotek.cz\/index.php?rest_route=%2Fwp%2Fv2%2Fmedia&parent=81"}],"curies":[{"name":"wp","href":"https:\/\/api.w.org\/{rel}","templated":true}]}}