{"id":85,"date":"2020-05-05T16:24:21","date_gmt":"2020-05-05T14:24:21","guid":{"rendered":"https:\/\/terapienadotek.cz\/?page_id=85"},"modified":"2020-05-05T16:53:39","modified_gmt":"2020-05-05T14:53:39","slug":"jak-rolfingova-terapie-funguje","status":"publish","type":"page","link":"https:\/\/terapienadotek.cz\/?page_id=85","title":{"rendered":"Jak Rolf terapie funguje?"},"content":{"rendered":"\n<p>Hlavn\u00ed my\u0161lenkou Rolf terapie je to, \u017ee poloha kostern\u00edho syst\u00e9mu je ur\u010dena d\u00e9lkou a nap\u011bt\u00edm sval\u016f a vaziva k n\u011bmu p\u0159ipojen\u00fdch. Pro lep\u0161i vysv\u011btlen\u00ed n\u00e1m m\u016f\u017ee pomoci odpov\u011b\u010f na ot\u00e1zku: &#8222;Co dr\u017e\u00ed kempingov\u00fd stan vzp\u0159\u00edmen\u011b?&#8220; V\u011bt\u0161ina z n\u00e1s by odpov\u011bd\u011bla &#8222;stanov\u00e9 ty\u010de&#8220;, ty v\u0161ak dod\u00e1vaj\u00ed na\u0161emu stanu pouze tvar. Co skute\u010dn\u011b dr\u017e\u00ed stan vzp\u0159\u00edmen\u011b jsou stanov\u00e9 \u0161\u0148\u016fry resp. jejich nap\u011bt\u00ed. T\u00edmto zp\u016fsobem to funguje i s t\u011blesnou stavbou. No\u017en\u00ed klenby, rotace kon\u010detin, poloha p\u00e1nve, zak\u0159iven\u00ed p\u00e1te\u0159e, poloha hlavy to v\u0161e je ur\u010deno nap\u011bt\u00edm svalov\u011b-vazivov\u00e9ho syst\u00e9mu, kter\u00fd se up\u00edn\u00e1 ke kostern\u00edmu.<\/p>\n\n\n\n<p>Rolf terapeut\u00e9 jsou \u0161koleni tyto vztahy vid\u011bt a vy\u0159e\u0161it je. Pomal\u00fdm, hlubok\u00fdm tlakem a jemn\u00fdmi pohyby p\u016fsob\u00ed na vazivov\u00fd syst\u00e9m klienta. Toto jim umo\u017e\u0148uje uvolnit a znovu uspo\u0159\u00e1dat celkovou t\u011blesnou formu, zredukovat p\u0159ilnavost vz\u00e1jemn\u011b soused\u00edc\u00edch svalov\u00fdch parti\u00ed a zm\u011bnit kompenza\u010dn\u00ed vzorce.<\/p>\n\n\n\n<p>V\u00fdsledkem je nejen vyl\u00e9\u010den\u00ed bolestiv\u00fdch t\u011blesn\u00fdch symptom\u016f, ale hlavn\u011b zlep\u0161en\u00ed struktur\u00e1ln\u00edho uspo\u0159\u00e1d\u00e1n\u00ed a podpory, umo\u017e\u0148uj\u00edc\u00ed minim\u00e1ln\u00ed n\u00e1mahu p\u0159i st\u00e1n\u00ed, sezen\u00ed a pohybu. Pro Rolfingovou terapii je zdrav\u00ed v\u00edc ne\u017e jen absence bolesti\u2026..<\/p>\n\n\n\n<p><em>&#8222;St\u00e1t vzp\u0159\u00edmen\u011b znamen\u00e1 pracovat proti gravita\u010dn\u00ed s\u00edle, a jestli\u017ee je tento vzdor v\u016f\u010di zemsk\u00e9 p\u0159ita\u017elivosti definov\u00e1n jako s\u00edla \u017eivota, tak m\u016f\u017ee b\u00fdt \u0159e\u010deno, \u017ee ti, kdo vynakl\u00e1daj\u00ed nejm\u00e9n\u011b \u00fasil\u00ed na udr\u017een\u00ed vzp\u0159\u00edmen\u00e9ho postoje, maj\u00ed nejv\u00edce potenci\u00e1lu nasm\u011brovat svoji \u017eivotn\u00ed energii k n\u011b\u010demu jin\u00e9mu\u2026..\u201d<\/em><\/p>\n\n\n\n<p>Hlavn\u00ed my\u0161lenkou Rolf terapie je to, \u017ee poloha kostern\u00edho syst\u00e9mu je ur\u010dena d\u00e9lkou a nap\u011bt\u00edm sval\u016f a vaziva k n\u011bmu p\u0159ipojen\u00fdch. Pro lep\u0161i vysv\u011btlen\u00ed n\u00e1m m\u016f\u017ee pomoci odpov\u011b\u010f na ot\u00e1zku: &#8222;Co dr\u017e\u00ed kempingov\u00fd stan vzp\u0159\u00edmen\u011b?&#8220; V\u011bt\u0161ina z n\u00e1s by odpov\u011bd\u011bla &#8222;stanov\u00e9 ty\u010de&#8220;, ty v\u0161ak dod\u00e1vaj\u00ed na\u0161emu stanu pouze tvar. Co skute\u010dn\u011b dr\u017e\u00ed stan vzp\u0159\u00edmen\u011b jsou stanov\u00e9 \u0161\u0148\u016fry resp. jejich nap\u011bt\u00ed. T\u00edmto zp\u016fsobem to funguje i s t\u011blesnou stavbou. No\u017en\u00ed klenby, rotace kon\u010detin, poloha p\u00e1nve, zak\u0159iven\u00ed p\u00e1te\u0159e, poloha hlavy to v\u0161e je ur\u010deno nap\u011bt\u00edm svalov\u011b-vazivov\u00e9ho syst\u00e9mu, kter\u00fd se up\u00edn\u00e1 ke kostern\u00edmu.<\/p>\n\n\n\n<p>Rolf terapeut\u00e9 jsou \u0161koleni tyto vztahy vid\u011bt a vy\u0159e\u0161it je. Pomal\u00fdm, hlubok\u00fdm tlakem a jemn\u00fdmi pohyby p\u016fsob\u00ed na vazivov\u00fd syst\u00e9m klienta. Toto jim umo\u017e\u0148uje uvolnit a znovu uspo\u0159\u00e1dat celkovou t\u011blesnou formu, zredukovat p\u0159ilnavost vz\u00e1jemn\u011b soused\u00edc\u00edch svalov\u00fdch parti\u00ed a zm\u011bnit kompenza\u010dn\u00ed vzorce.<\/p>\n\n\n\n<p>V\u00fdsledkem je nejen vyl\u00e9\u010den\u00ed bolestiv\u00fdch t\u011blesn\u00fdch symptom\u016f, ale hlavn\u011b zlep\u0161en\u00ed struktur\u00e1ln\u00edho uspo\u0159\u00e1d\u00e1n\u00ed a podpory, umo\u017e\u0148uj\u00edc\u00ed minim\u00e1ln\u00ed n\u00e1mahu p\u0159i st\u00e1n\u00ed, sezen\u00ed a pohybu. Pro Rolfingovou terapii je zdrav\u00ed v\u00edc ne\u017e jen absence bolesti\u2026..<\/p>\n\n\n\n<p><em>&#8222;St\u00e1t vzp\u0159\u00edmen\u011b znamen\u00e1 pracovat proti gravita\u010dn\u00ed s\u00edle, a jestli\u017ee je tento vzdor v\u016f\u010di zemsk\u00e9 p\u0159ita\u017elivosti definov\u00e1n jako s\u00edla \u017eivota, tak m\u016f\u017ee b\u00fdt \u0159e\u010deno, \u017ee ti, kdo vynakl\u00e1daj\u00ed nejm\u00e9n\u011b \u00fasil\u00ed na udr\u017een\u00ed vzp\u0159\u00edmen\u00e9ho postoje, maj\u00ed nejv\u00edce potenci\u00e1lu nasm\u011brovat svoji \u017eivotn\u00ed energii k n\u011b\u010demu jin\u00e9mu\u2026..\u201d<\/em><\/p>\n\n\n\n<p><strong><em>z knihy Zen Imagery Exercise od Shizuto Masunanga<\/em><\/strong><\/p>\n\n\n\n<p><\/p>\n","protected":false},"excerpt":{"rendered":"<p>Hlavn\u00ed my\u0161lenkou Rolf terapie je to, \u017ee poloha kostern\u00edho syst\u00e9mu je ur\u010dena d\u00e9lkou a nap\u011bt\u00edm sval\u016f a vaziva k n\u011bmu p\u0159ipojen\u00fdch. Pro lep\u0161i vysv\u011btlen\u00ed n\u00e1m m\u016f\u017ee pomoci odpov\u011b\u010f na ot\u00e1zku: &#8222;Co dr\u017e\u00ed kempingov\u00fd stan vzp\u0159\u00edmen\u011b?&#8220; V\u011bt\u0161ina z n\u00e1s by odpov\u011bd\u011bla &#8222;stanov\u00e9 ty\u010de&#8220;, ty v\u0161ak dod\u00e1vaj\u00ed na\u0161emu stanu pouze tvar. Co skute\u010dn\u011b dr\u017e\u00ed stan vzp\u0159\u00edmen\u011b jsou &hellip; <\/p>\n<p class=\"link-more\"><a href=\"https:\/\/terapienadotek.cz\/?page_id=85\" class=\"more-link\">Pokra\u010dovat ve \u010dten\u00ed<span class=\"screen-reader-text\"> &#8222;Jak Rolf terapie funguje?&#8220;<\/span><\/a><\/p>\n","protected":false},"author":1,"featured_media":98,"parent":0,"menu_order":0,"comment_status":"closed","ping_status":"closed","template":"","meta":{"footnotes":""},"class_list":["post-85","page","type-page","status-publish","has-post-thumbnail","hentry"],"_links":{"self":[{"href":"https:\/\/terapienadotek.cz\/index.php?rest_route=\/wp\/v2\/pages\/85","targetHints":{"allow":["GET"]}}],"collection":[{"href":"https:\/\/terapienadotek.cz\/index.php?rest_route=\/wp\/v2\/pages"}],"about":[{"href":"https:\/\/terapienadotek.cz\/index.php?rest_route=\/wp\/v2\/types\/page"}],"author":[{"embeddable":true,"href":"https:\/\/terapienadotek.cz\/index.php?rest_route=\/wp\/v2\/users\/1"}],"replies":[{"embeddable":true,"href":"https:\/\/terapienadotek.cz\/index.php?rest_route=%2Fwp%2Fv2%2Fcomments&post=85"}],"version-history":[{"count":4,"href":"https:\/\/terapienadotek.cz\/index.php?rest_route=\/wp\/v2\/pages\/85\/revisions"}],"predecessor-version":[{"id":101,"href":"https:\/\/terapienadotek.cz\/index.php?rest_route=\/wp\/v2\/pages\/85\/revisions\/101"}],"wp:featuredmedia":[{"embeddable":true,"href":"https:\/\/terapienadotek.cz\/index.php?rest_route=\/wp\/v2\/media\/98"}],"wp:attachment":[{"href":"https:\/\/terapienadotek.cz\/index.php?rest_route=%2Fwp%2Fv2%2Fmedia&parent=85"}],"curies":[{"name":"wp","href":"https:\/\/api.w.org\/{rel}","templated":true}]}}