{"id":88,"date":"2020-05-05T16:25:49","date_gmt":"2020-05-05T14:25:49","guid":{"rendered":"https:\/\/terapienadotek.cz\/?page_id=88"},"modified":"2020-05-05T17:14:51","modified_gmt":"2020-05-05T15:14:51","slug":"s-cim-muze-rolf-terapie-pomoci","status":"publish","type":"page","link":"https:\/\/terapienadotek.cz\/?page_id=88","title":{"rendered":"S \u010d\u00edm m\u016f\u017ee Rolf terapie pomoci?"},"content":{"rendered":"\n<p>\u2714\ufe0e zlep\u0161en\u00ed dr\u017een\u00ed t\u011bla d\u00edky lep\u0161\u00edmu vertik\u00e1ln\u00edmu uspo\u0159\u00e1d\u00e1n\u00ed<\/p>\n\n\n\n<p>\u2714\ufe0esnadn\u011bj\u0161\u00ed a uvoln\u011bn\u011bj\u0161\u00ed pohyb s men\u0161\u00ed n\u00e1maho<\/p>\n\n\n\n<p>\u2714\ufe0e zlep\u0161en\u00ed t\u011blesn\u00e9 ohebnosti, pru\u017enosti, rovnov\u00e1hy a uspo\u0159\u00e1d\u00e1n\u00edzlep\u0161en\u00ed t\u011blesn\u00e9ho v\u011bdom\u00ed a uv\u011bdom\u011bn\u00ed si odli\u0161n\u00fdch mo\u017enost\u00ed v pohybu<\/p>\n\n\n\n<p>\u2714\ufe0emen\u0161\u00ed n\u00e1klonnost ke zran\u011bn\u00edm<\/p>\n\n\n\n<p>\u2714\ufe0ezbaven\u00ed se chronick\u00fdch bolest\u00ed<\/p>\n\n\n\n<p>\u2714\ufe0ezv\u00fd\u0161en\u00ed kapacity d\u00fdch\u00e1n\u00ed<\/p>\n\n\n\n<p>\u2714\ufe0ezv\u00fd\u0161en\u00ed fyzick\u00e9ho v\u00fdkonu d\u00edky l\u00e9pe funguj\u00edc\u00edmu t\u011blesn\u00e9mu celku<\/p>\n\n\n\n<p>\u2714\ufe0evy\u0161\u0161\u00ed odolnost v\u016f\u010di stresu a uv\u011bdom\u011bn\u00ed si jeho fyzick\u00fdch n\u00e1znak\u016f<\/p>\n\n\n\n<p>\u2714\ufe0e psychick\u00fd a emocion\u00e1ln\u00ed v\u00fdvoj a r\u016fst jedince<\/p>\n\n\n\n<p>Lid\u00e9 vyhled\u00e1vaj\u00ed Rolfing z r\u016fzn\u00fdch d\u016fvod\u016f: omezen\u00e1 pohyblivost, chronick\u00e9 probl\u00e9my s bolest\u00ed v oblastech \u010delistn\u00edho kloubu, bolesti hlavy, poran\u011bn\u00ed kr\u010dn\u00ed p\u00e1te\u0159e z dopravn\u00edch nehod, z\u00e1n\u011bt \u0161lach, syndrom karp\u00e1ln\u00edho tunelu, poran\u011bn\u00ed v oblasti ramenn\u00edho pletence, bolesti zad, skoli\u00f3za, probl\u00e9my s kolenn\u00edm a ky\u010deln\u00edm kloubem, bolesti chodidel a jin\u00e9 probl\u00e9my, kter\u00e9 jsou n\u00e1sledkem d\u0159\u00edv\u011bj\u0161\u00edho poran\u011bn\u00ed. N\u011bkte\u0159\u00ed vyhled\u00e1vaj\u00ed Rolfing pro zlep\u0161en\u00ed ve sportovn\u00edch nebo um\u011bleck\u00fdch v\u00fdkonech, \u010dasto z d\u016fvodu jednostrann\u00e9ho zat\u00ed\u017een\u00ed pohybov\u00e9ho apar\u00e1tu. Jin\u00ed cht\u011bj\u00ed zlep\u0161it vadn\u00e9 dr\u017een\u00ed t\u011bla nebo pouze okusit pocit z Rolfingu, pocit lehkosti, pru\u017enosti a osobn\u00edho r\u016fstu, kter\u00fd se dostavuje sou\u010dasn\u011b s lep\u0161\u00edm uspo\u0159\u00e1d\u00e1n\u00edm t\u011blesn\u00e9 formy s gravitac\u00ed.<\/p>\n\n\n\n<p>Systematick\u00e9 probl\u00e9my s d\u00fdch\u00e1n\u00edm, cirkulaci krve, tr\u00e1ven\u00edm a obecn\u011b s fungov\u00e1n\u00edm t\u011blesn\u00fdch organ\u016f m\u016f\u017ee b\u00fdt zap\u0159\u00ed\u010din\u011bno vadn\u00fdm dr\u017een\u00edm t\u011bla, kdy cel\u00e1 t\u011blesn\u00e1 stavba p\u016fsob\u00ed zhroucen\u011b. Znovu uspo\u0159\u00e1d\u00e1n\u00edm t\u011blesn\u00e9 stavby mohou b\u00fdt tyto probl\u00e9my odstran\u011bny.<\/p>\n","protected":false},"excerpt":{"rendered":"<p>\u2714\ufe0e zlep\u0161en\u00ed dr\u017een\u00ed t\u011bla d\u00edky lep\u0161\u00edmu vertik\u00e1ln\u00edmu uspo\u0159\u00e1d\u00e1n\u00ed \u2714\ufe0esnadn\u011bj\u0161\u00ed a uvoln\u011bn\u011bj\u0161\u00ed pohyb s men\u0161\u00ed n\u00e1maho \u2714\ufe0e zlep\u0161en\u00ed t\u011blesn\u00e9 ohebnosti, pru\u017enosti, rovnov\u00e1hy a uspo\u0159\u00e1d\u00e1n\u00edzlep\u0161en\u00ed t\u011blesn\u00e9ho v\u011bdom\u00ed a uv\u011bdom\u011bn\u00ed si odli\u0161n\u00fdch mo\u017enost\u00ed v pohybu \u2714\ufe0emen\u0161\u00ed n\u00e1klonnost ke zran\u011bn\u00edm \u2714\ufe0ezbaven\u00ed se chronick\u00fdch bolest\u00ed \u2714\ufe0ezv\u00fd\u0161en\u00ed kapacity d\u00fdch\u00e1n\u00ed \u2714\ufe0ezv\u00fd\u0161en\u00ed fyzick\u00e9ho v\u00fdkonu d\u00edky l\u00e9pe funguj\u00edc\u00edmu t\u011blesn\u00e9mu celku \u2714\ufe0evy\u0161\u0161\u00ed odolnost v\u016f\u010di stresu &hellip; <\/p>\n<p class=\"link-more\"><a href=\"https:\/\/terapienadotek.cz\/?page_id=88\" class=\"more-link\">Pokra\u010dovat ve \u010dten\u00ed<span class=\"screen-reader-text\"> &#8222;S \u010d\u00edm m\u016f\u017ee Rolf terapie pomoci?&#8220;<\/span><\/a><\/p>\n","protected":false},"author":1,"featured_media":110,"parent":0,"menu_order":0,"comment_status":"closed","ping_status":"closed","template":"","meta":{"footnotes":""},"class_list":["post-88","page","type-page","status-publish","has-post-thumbnail","hentry"],"_links":{"self":[{"href":"https:\/\/terapienadotek.cz\/index.php?rest_route=\/wp\/v2\/pages\/88","targetHints":{"allow":["GET"]}}],"collection":[{"href":"https:\/\/terapienadotek.cz\/index.php?rest_route=\/wp\/v2\/pages"}],"about":[{"href":"https:\/\/terapienadotek.cz\/index.php?rest_route=\/wp\/v2\/types\/page"}],"author":[{"embeddable":true,"href":"https:\/\/terapienadotek.cz\/index.php?rest_route=\/wp\/v2\/users\/1"}],"replies":[{"embeddable":true,"href":"https:\/\/terapienadotek.cz\/index.php?rest_route=%2Fwp%2Fv2%2Fcomments&post=88"}],"version-history":[{"count":3,"href":"https:\/\/terapienadotek.cz\/index.php?rest_route=\/wp\/v2\/pages\/88\/revisions"}],"predecessor-version":[{"id":111,"href":"https:\/\/terapienadotek.cz\/index.php?rest_route=\/wp\/v2\/pages\/88\/revisions\/111"}],"wp:featuredmedia":[{"embeddable":true,"href":"https:\/\/terapienadotek.cz\/index.php?rest_route=\/wp\/v2\/media\/110"}],"wp:attachment":[{"href":"https:\/\/terapienadotek.cz\/index.php?rest_route=%2Fwp%2Fv2%2Fmedia&parent=88"}],"curies":[{"name":"wp","href":"https:\/\/api.w.org\/{rel}","templated":true}]}}